{"id":635,"date":"2020-06-28T16:10:26","date_gmt":"2020-06-28T16:10:26","guid":{"rendered":"http:\/\/www.farkpen.com\/?page_id=635"},"modified":"2020-06-28T16:10:28","modified_gmt":"2020-06-28T16:10:28","slug":"cevre-politikamiz","status":"publish","type":"page","link":"http:\/\/www.farkpen.com\/index.php\/cevre-politikamiz\/","title":{"rendered":"\u00c7EVRE POL\u0130T\u0130KAMIZ"},"content":{"rendered":"\n<div class=\"wp-block-image\"><figure class=\"aligncenter size-large\"><img decoding=\"async\" loading=\"lazy\" width=\"360\" height=\"500\" src=\"http:\/\/www.farkpen.com\/wp-content\/uploads\/2020\/06\/b5ad48ac-9816-49a2-8c14-5de5b9754f90cevre-politika-1.png\" alt=\"\" class=\"wp-image-636\" srcset=\"http:\/\/www.farkpen.com\/wp-content\/uploads\/2020\/06\/b5ad48ac-9816-49a2-8c14-5de5b9754f90cevre-politika-1.png 360w, http:\/\/www.farkpen.com\/wp-content\/uploads\/2020\/06\/b5ad48ac-9816-49a2-8c14-5de5b9754f90cevre-politika-1-216x300.png 216w\" sizes=\"(max-width: 360px) 100vw, 360px\" \/><\/figure><\/div>\n\n\n\n<p>Fark Pen&#8217;de Sizlere daha iyi hizmet verebilmek i\u00e7in do\u011fay\u0131 koruyan \u00e7evreci olan ve insan sa\u011fl\u0131\u011f\u0131na \u00f6nem veren bir markayla sizlere hizmet vermekteyiz.<\/p>\n\n\n\n<p>Ama\u00e7; kaliteli, hesapl\u0131, uygun \u00f6deme ko\u015fullar\u0131yla sizlere hizmet vermektir.<\/p>\n\n\n\n<p>Daha iyi bir d\u00fcnya daha iyi bir ya\u015fam i\u00e7in mutluluk i\u00e7in Farkpen&#8230;<\/p>\n","protected":false},"excerpt":{"rendered":"<p>Fark Pen&#8217;de Sizlere daha iyi hizmet verebilmek i\u00e7in do\u011fay\u0131 koruyan \u00e7evreci olan ve insan sa\u011fl\u0131\u011f\u0131na \u00f6nem veren bir markayla sizlere<\/p>\n","protected":false},"author":1,"featured_media":0,"parent":0,"menu_order":0,"comment_status":"closed","ping_status":"closed","template":"","meta":[],"_links":{"self":[{"href":"http:\/\/www.farkpen.com\/index.php\/wp-json\/wp\/v2\/pages\/635"}],"collection":[{"href":"http:\/\/www.farkpen.com\/index.php\/wp-json\/wp\/v2\/pages"}],"about":[{"href":"http:\/\/www.farkpen.com\/index.php\/wp-json\/wp\/v2\/types\/page"}],"author":[{"embeddable":true,"href":"http:\/\/www.farkpen.com\/index.php\/wp-json\/wp\/v2\/users\/1"}],"replies":[{"embeddable":true,"href":"http:\/\/www.farkpen.com\/index.php\/wp-json\/wp\/v2\/comments?post=635"}],"version-history":[{"count":1,"href":"http:\/\/www.farkpen.com\/index.php\/wp-json\/wp\/v2\/pages\/635\/revisions"}],"predecessor-version":[{"id":637,"href":"http:\/\/www.farkpen.com\/index.php\/wp-json\/wp\/v2\/pages\/635\/revisions\/637"}],"wp:attachment":[{"href":"http:\/\/www.farkpen.com\/index.php\/wp-json\/wp\/v2\/media?parent=635"}],"curies":[{"name":"wp","href":"https:\/\/api.w.org\/{rel}","templated":true}]}}