{"id":623,"date":"2020-06-21T22:39:21","date_gmt":"2020-06-21T22:39:21","guid":{"rendered":"http:\/\/www.farkpen.com\/?page_id=623"},"modified":"2020-06-21T22:39:23","modified_gmt":"2020-06-21T22:39:23","slug":"hakkimizda","status":"publish","type":"page","link":"http:\/\/www.farkpen.com\/index.php\/hakkimizda\/","title":{"rendered":"HAKKIMIZDA"},"content":{"rendered":"\n<div class=\"wp-block-image\"><figure class=\"aligncenter size-large\"><img decoding=\"async\" loading=\"lazy\" width=\"360\" height=\"252\" src=\"http:\/\/www.farkpen.com\/wp-content\/uploads\/2020\/06\/hakkimizda-1.png\" alt=\"\" class=\"wp-image-624\" srcset=\"http:\/\/www.farkpen.com\/wp-content\/uploads\/2020\/06\/hakkimizda-1.png 360w, http:\/\/www.farkpen.com\/wp-content\/uploads\/2020\/06\/hakkimizda-1-300x210.png 300w, http:\/\/www.farkpen.com\/wp-content\/uploads\/2020\/06\/hakkimizda-1-130x90.png 130w\" sizes=\"(max-width: 360px) 100vw, 360px\" \/><\/figure><\/div>\n\n\n\n<p class=\"has-text-color has-text-align-left has-very-dark-gray-color\">           2003 y\u0131l\u0131nda kurulan T\u00fcrkiye \u00e7ap\u0131nda en kaliteli \u00fcretim ve hizmeti veren Fark Pen konusunda en yeti\u015fkin \u00e7al\u0131\u015fanlar\u0131 ile m\u00fc\u015fteri memnuniyetini \u00f6ncelikli ilkesi olarak benimsemi\u015ftir. Her ko\u015fulda kaliteli \u00fcr\u00fcn hizmet tasar\u0131m servis \u00e7al\u0131\u015fmalar\u0131 ile kurumsalla\u015fma a\u015famas\u0131n\u0131 ba\u015far\u0131 ile ge\u00e7mektedir. Piyasadaki m\u00fc\u015fteri say\u0131s\u0131n\u0131 her ge\u00e7en g\u00fcn artmakta olan PVC sat\u0131\u015f sonras\u0131 m\u00fc\u015fteri memnuniyetine de en az sat\u0131\u015f \u00f6ncesi kadar \u00f6nem vermektedir. Her montaj sonras\u0131 m\u00fc\u015fterilerimizden gelen te\u015fekk\u00fcr belgeleri \u00f6n\u00fcm\u00fczdeki g\u00fcnler ve y\u0131llar i\u00e7in att\u0131\u011f\u0131m\u0131z ad\u0131mlar\u0131n ve yapt\u0131\u011f\u0131m\u0131z yat\u0131r\u0131mlar\u0131n g\u00fcvencesidir.<br>                                                                                                                                                                                                                                                      Fark Pen<\/p>\n","protected":false},"excerpt":{"rendered":"<p>2003 y\u0131l\u0131nda kurulan T\u00fcrkiye \u00e7ap\u0131nda en kaliteli \u00fcretim ve hizmeti veren Fark Pen konusunda en yeti\u015fkin \u00e7al\u0131\u015fanlar\u0131 ile m\u00fc\u015fteri memnuniyetini<\/p>\n","protected":false},"author":1,"featured_media":0,"parent":0,"menu_order":0,"comment_status":"closed","ping_status":"closed","template":"","meta":[],"_links":{"self":[{"href":"http:\/\/www.farkpen.com\/index.php\/wp-json\/wp\/v2\/pages\/623"}],"collection":[{"href":"http:\/\/www.farkpen.com\/index.php\/wp-json\/wp\/v2\/pages"}],"about":[{"href":"http:\/\/www.farkpen.com\/index.php\/wp-json\/wp\/v2\/types\/page"}],"author":[{"embeddable":true,"href":"http:\/\/www.farkpen.com\/index.php\/wp-json\/wp\/v2\/users\/1"}],"replies":[{"embeddable":true,"href":"http:\/\/www.farkpen.com\/index.php\/wp-json\/wp\/v2\/comments?post=623"}],"version-history":[{"count":1,"href":"http:\/\/www.farkpen.com\/index.php\/wp-json\/wp\/v2\/pages\/623\/revisions"}],"predecessor-version":[{"id":625,"href":"http:\/\/www.farkpen.com\/index.php\/wp-json\/wp\/v2\/pages\/623\/revisions\/625"}],"wp:attachment":[{"href":"http:\/\/www.farkpen.com\/index.php\/wp-json\/wp\/v2\/media?parent=623"}],"curies":[{"name":"wp","href":"https:\/\/api.w.org\/{rel}","templated":true}]}}