{"id":549,"date":"2020-06-21T15:36:06","date_gmt":"2020-06-21T15:36:06","guid":{"rendered":"http:\/\/www.farkpen.com\/?page_id=549"},"modified":"2020-06-21T15:36:09","modified_gmt":"2020-06-21T15:36:09","slug":"loca-sistemi-deceuninck-cam-balkon-sistemleri","status":"publish","type":"page","link":"http:\/\/www.farkpen.com\/index.php\/loca-sistemi-deceuninck-cam-balkon-sistemleri\/","title":{"rendered":"LOCA S\u0130STEM\u0130 DECEUNINCK CAM BALKON S\u0130STEMLER\u0130"},"content":{"rendered":"\n<h3>Genel \u00d6zellikler<\/h3>\n\n\n\n<p><strong>Ya\u015fam alanlar\u0131n\u0131z\u0131 geni\u015fleterek rahat nefes al\u0131n.<\/strong><\/p>\n\n\n\n<p>Camoda Loca Sistemi; cafe, restoran, plajlar, m\u00fcstakil evler, apartman ve site bah\u00e7eleri gibi ya\u015fam alanlar\u0131nda kullan\u0131ma uygundur.<br><br>Yaz aylar\u0131nda serin, k\u0131\u015f aylar\u0131nda ise s\u0131cak bir ortam sa\u011flayan Camoda Loca Sistemi, do\u011fadan kopmadan ya\u015fam alanlar\u0131n\u0131z\u0131 geni\u015fletme imkan\u0131 sunmaktad\u0131r.<br><br>G\u00fcne\u015f, r\u00fczgar, ya\u011fmur, toz ve g\u00fcr\u00fclt\u00fc gibi d\u0131\u015f etkenlere kar\u015f\u0131 koruyarak, modern ve huzurlu bir ortam sa\u011flamaktad\u0131r.<br><br>Camoda Loca Sistemi, tavan plise perde kullan\u0131m\u0131 i\u00e7in uygundur.<br><br>Sistemde kullan\u0131lan s\u00fcrg\u00fc kap\u0131 sayesinde havaland\u0131rmay\u0131 sa\u011flayabilirsiniz.<br><br>Renkli cam kullan\u0131m\u0131na uygun olan Camoda Loca Sistemi ile mekanlar\u0131n\u0131z da mimariye uyum sa\u011flayacak izole ortamlar olu\u015fturabilirsiniz.<\/p>\n\n\n\n<h3>Teknik \u00d6zellikler<img decoding=\"async\" src=\"https:\/\/www.egepen.com.tr\/images\/loca-sistemi.jpg\"><\/h3>\n\n\n\n<p><strong>\u00d6l\u00e7\u00fc Tipleri;<\/strong><br>1330 cm x 2000 cm \/ 2 Ki\u015filik<br>2000 cm x 2000 cm \/ 4 Ki\u015filik<br>2500 cm x 2000 cm \/ 6 Ki\u015filik<\/p>\n\n\n\n<h3>Renk Se\u00e7enekleri<\/h3>\n\n\n\n<p>Loca Sistemi Deceuninck Cam Balkon Sistemleri zengin renk se\u00e7enekleri ile t\u00fcketicilerin beklentilerini kar\u015f\u0131lamaktad\u0131r.<\/p>\n\n\n\n<div class=\"wp-block-image\"><figure class=\"alignleft\"><img decoding=\"async\" src=\"https:\/\/www.egepen.com.tr\/images\/naturel-k.png\" alt=\"Naturel\" title=\"\"\/><\/figure><\/div>\n\n\n\n<div class=\"wp-block-image\"><figure class=\"alignleft\"><img decoding=\"async\" src=\"https:\/\/www.egepen.com.tr\/images\/vizon_k.png\" alt=\"Vizon\" title=\"\"\/><\/figure><\/div>\n\n\n\n<div class=\"wp-block-image\"><figure class=\"alignleft\"><img decoding=\"async\" src=\"https:\/\/www.egepen.com.tr\/images\/gri_k.png\" alt=\"Gri\" title=\"\"\/><\/figure><\/div>\n\n\n\n<div class=\"wp-block-image\"><figure class=\"alignleft\"><img decoding=\"async\" src=\"https:\/\/www.egepen.com.tr\/images\/titan_k.png\" alt=\"Titan\" title=\"\"\/><\/figure><\/div>\n\n\n\n<div class=\"wp-block-image\"><figure class=\"alignleft\"><a href=\"https:\/\/www.egepen.com.tr\/images\/1921_ashblack.jpg\"><img decoding=\"async\" src=\"https:\/\/www.egepen.com.tr\/images\/color-Kul-Siyah-k.png\" alt=\"K\u00fcl Siyah\" title=\"\"\/><\/a><\/figure><\/div>\n\n\n\n<figure class=\"wp-block-image size-large\"><img decoding=\"async\" loading=\"lazy\" width=\"600\" height=\"400\" src=\"http:\/\/www.farkpen.com\/wp-content\/uploads\/2020\/06\/sm_crp_61e08493-76c7-4d58-bfff-ad1f57223147.jpg\" alt=\"\" class=\"wp-image-550\" srcset=\"http:\/\/www.farkpen.com\/wp-content\/uploads\/2020\/06\/sm_crp_61e08493-76c7-4d58-bfff-ad1f57223147.jpg 600w, http:\/\/www.farkpen.com\/wp-content\/uploads\/2020\/06\/sm_crp_61e08493-76c7-4d58-bfff-ad1f57223147-300x200.jpg 300w\" sizes=\"(max-width: 600px) 100vw, 600px\" \/><\/figure>\n","protected":false},"excerpt":{"rendered":"<p>Genel \u00d6zellikler Ya\u015fam alanlar\u0131n\u0131z\u0131 geni\u015fleterek rahat nefes al\u0131n. Camoda Loca Sistemi; cafe, restoran, plajlar, m\u00fcstakil evler, apartman ve site bah\u00e7eleri<\/p>\n","protected":false},"author":1,"featured_media":0,"parent":0,"menu_order":0,"comment_status":"closed","ping_status":"closed","template":"","meta":[],"_links":{"self":[{"href":"http:\/\/www.farkpen.com\/index.php\/wp-json\/wp\/v2\/pages\/549"}],"collection":[{"href":"http:\/\/www.farkpen.com\/index.php\/wp-json\/wp\/v2\/pages"}],"about":[{"href":"http:\/\/www.farkpen.com\/index.php\/wp-json\/wp\/v2\/types\/page"}],"author":[{"embeddable":true,"href":"http:\/\/www.farkpen.com\/index.php\/wp-json\/wp\/v2\/users\/1"}],"replies":[{"embeddable":true,"href":"http:\/\/www.farkpen.com\/index.php\/wp-json\/wp\/v2\/comments?post=549"}],"version-history":[{"count":1,"href":"http:\/\/www.farkpen.com\/index.php\/wp-json\/wp\/v2\/pages\/549\/revisions"}],"predecessor-version":[{"id":551,"href":"http:\/\/www.farkpen.com\/index.php\/wp-json\/wp\/v2\/pages\/549\/revisions\/551"}],"wp:attachment":[{"href":"http:\/\/www.farkpen.com\/index.php\/wp-json\/wp\/v2\/media?parent=549"}],"curies":[{"name":"wp","href":"https:\/\/api.w.org\/{rel}","templated":true}]}}