{"id":544,"date":"2020-06-21T15:33:46","date_gmt":"2020-06-21T15:33:46","guid":{"rendered":"http:\/\/www.farkpen.com\/?page_id=544"},"modified":"2020-06-21T15:33:48","modified_gmt":"2020-06-21T15:33:48","slug":"zen-due-deceuninck-cam-balkon-sistemleri","status":"publish","type":"page","link":"http:\/\/www.farkpen.com\/index.php\/zen-due-deceuninck-cam-balkon-sistemleri\/","title":{"rendered":"ZEN DUE DECEUNINCK CAM BALKON S\u0130STEMLER\u0130"},"content":{"rendered":"\n<p>Genel \u00d6zellikler<\/p>\n\n\n\n<p>Zen due; sahip oldu\u011fu tutamak tasar\u0131m\u0131, ta\u015f\u0131ma kapasitesi ve her zevke hitap eden renk se\u00e7enekleri ile kullan\u0131c\u0131s\u0131na daha \u00f6nce sunulmam\u0131\u015f bir konfor sa\u011flar.<\/p>\n\n\n\n<ul><li><strong>Sa\u011flad\u0131\u011f\u0131 g\u00f6rsel b\u00fct\u00fcnl\u00fck ve 8 farkl\u0131 renk se\u00e7ene\u011fi sayesinde de evinizin dekorasyonuna tam uyum sa\u011flar.<\/strong><\/li><\/ul>\n\n\n\n<p>Zen due; sahip oldu\u011fu tutamak tasar\u0131m\u0131, ta\u015f\u0131ma kapasitesi ve her zevke hitap eden 8 \u00f6zel renk se\u00e7ene\u011fi ile kullan\u0131c\u0131s\u0131na daha \u00f6nce sunulmam\u0131\u015f bir konfor sa\u011flar.<\/p>\n\n\n\n<p>Zen due\u2019nun \u00fcst ray\u0131n\u0131n i\u00e7inde kullan\u0131lan \u00fcst kilit par\u00e7as\u0131 sayesinde sistemin yal\u0131t\u0131m\u0131 art\u0131r\u0131l\u0131rken, ayn\u0131 zamanda kanatlar\u0131n yerinden \u00e7\u0131kmas\u0131 engellenir.<\/p>\n\n\n\n<p>Zen due sisteminin en \u00f6nemli farkl\u0131l\u0131klar\u0131ndan biri e\u015fikli ve e\u015fiksiz sistemlerin ayn\u0131 formda \u00fcretilmesidir.<\/p>\n\n\n\n<ul><li><strong>Zen due Kullan\u0131c\u0131s\u0131na Neler Sunar?<\/strong><\/li><\/ul>\n\n\n\n<p>Zen due sistemleri manzaradan \u00f6d\u00fcn vermeyen yap\u0131s\u0131 ve t\u00fcm mek\u00e2nlar\u0131 tamamlayacak 8 farkl\u0131 renk se\u00e7ene\u011fi ile kullan\u0131c\u0131lara b\u00fct\u00fcnleyici bir ya\u015fam alan\u0131 yarat\u0131r.<\/p>\n\n\n\n<p>Temperli \u00e7ift cam uygulamalar\u0131 ve sahip oldu\u011fu donan\u0131mlarla g\u00fcvenli\u011fin yan\u0131 s\u0131ra hava, su ve r\u00fczgar yal\u0131t\u0131m\u0131 sa\u011flar.<\/p>\n\n\n\n<p>Zen due sistemleri dekoratif, temizlenmesi kolay ve estetik \u00e7\u00f6z\u00fcmler sunar.<\/p>\n\n\n\n<ul><li><strong>Uyguland\u0131\u011f\u0131 alanlarda kullan\u0131m kolayl\u0131\u011f\u0131 yarat\u0131rken, kesintisiz manzara imkan\u0131 yarat\u0131r.<\/strong><\/li><\/ul>\n\n\n\n<p>Zen due sisteminde bulunan cam paneller; her iki tarafa da ayr\u0131 ayr\u0131 toplanabilir. Bu \u00f6zelli\u011fi sayesinde uyguland\u0131\u011f\u0131 alanlarda kullan\u0131m kolayl\u0131\u011f\u0131 yarat\u0131rken, kesintisiz manzara imkan\u0131 yarat\u0131r.<\/p>\n\n\n\n<p>Zen due sisteminde kullan\u0131lan temperli \u00e7ift cam uygulamas\u0131 sayesinde ses yal\u0131t\u0131m\u0131 ve g\u00fcvenlik sa\u011flan\u0131r.<\/p>\n\n\n\n<p>Zen due s\u00fcrme sisteminde bulunan \u00fcst kilit seti ile r\u00fczgar ve tozun i\u00e7 k\u0131sma ge\u00e7isi engellenir. Bu sayede konforlu bir camoda ya\u015fam alan\u0131 olu\u015fur.<\/p>\n\n\n\n<ul><li><strong>Zen due Sistemleri Yal\u0131t\u0131m\u0131<\/strong><\/li><\/ul>\n\n\n\n<p>Zen due sisteminde bulunan al\u00fcminyum s\u0131zd\u0131rmazl\u0131k profili sayesinde cam esnemesi ve hava ge\u00e7i\u015fi minimum seviyeye indirilerek g\u00fcvenli ve yal\u0131t\u0131ml\u0131 bir ortam sa\u011flan\u0131r.<\/p>\n\n\n\n<p>Zen due sistemi hem i\u00e7eriden hem de d\u0131\u015far\u0131dan kilitlenebilen \u00f6zel kilitleme mekanizmas\u0131 sayesinde d\u0131\u015far\u0131dan gelebilecek m\u00fcdahalelere kar\u015f\u0131 g\u00fcvenli bir ortam yarat\u0131r.<\/p>\n\n\n\n<ul><li><strong>Zen due Sistemleri\u2019nin Do\u011fru Montaj\u0131 Neden \u00d6nemlidir?<\/strong><\/li><\/ul>\n\n\n\n<p>Yenilik\u00e7i tasar\u0131m kriterlerine g\u00f6re olu\u015fturulan Zen due Sistemleri pek \u00e7ok \u00fcst\u00fcn \u00f6zelli\u011fe sahiptir.<\/p>\n\n\n\n<p>Kolay kullan\u0131m ve \u00fcst\u00fcn performans i\u00e7in do\u011fru montaj yap\u0131lmas\u0131 b\u00fcy\u00fck \u00f6nem ta\u015f\u0131r.<\/p>\n\n\n\n<p>Do\u011fru montaj\u0131 yap\u0131lm\u0131\u015f Zen due Sistemi kullan\u0131c\u0131s\u0131na g\u00fcvenlikle birlikte, hava, su ve r\u00fczg\u00e2r yal\u0131t\u0131m\u0131 sunar.<\/p>\n\n\n\n<ul><li><strong>Zen due Sistemleri Ses Yal\u0131t\u0131m\u0131<\/strong><\/li><\/ul>\n\n\n\n<p>Zen due sistemlerinde kullan\u0131lan \u00e7ift cam, ses yal\u0131t\u0131m\u0131 sa\u011flayarak sessiz ve huzurlu ya\u015fam alanlar\u0131 olu\u015fturur.<\/p>\n\n\n\n<p>Zen due sisteminde kanat profillerinde bulunan f\u0131r\u00e7a conta kanallar\u0131 sayesinde r\u00fczgar dayan\u0131m\u0131 kuvvetlendirilmi\u015ftir. D\u00fc\u015feyde \u00e7ift s\u0131ra kullan\u0131m imkan\u0131 sunarak d\u0131\u015f etkenlerin etkisini azaltarak kullan\u0131c\u0131s\u0131na t\u00fcm mevsimlere uygun huzurlu bir alan imkan\u0131 yarat\u0131r.<\/p>\n\n\n\n<ul><li><strong>Zen due Sistemleri Emniyet ve G\u00fcvenlik<\/strong><\/li><\/ul>\n\n\n\n<p>Zen due Serisinde bulunan kilit sistemleri d\u00fc\u015fey eksende istenilen y\u00fcksekli\u011fe monte edilerek ergonomik bir kullan\u0131m yarat\u0131r.<\/p>\n\n\n\n<p>Hem i\u00e7ten hem de d\u0131\u015f mekandan kilitleme i\u015flemi yap\u0131larak g\u00fcvenli bir kullan\u0131m \u015fekli sunar.<\/p>\n\n\n\n<ul><li><strong>Zen due Sistemleri Nas\u0131l \u00dcretilir?<\/strong><\/li><\/ul>\n\n\n\n<p>Yenilik\u00e7i cam balkon sistemleri kullan\u0131c\u0131s\u0131na kolayl\u0131k ve konfor sunmak amac\u0131yla tasarlanm\u0131\u015ft\u0131r.<\/p>\n\n\n\n<p>Bayilerimiz, y\u00fcksek standartlarda ve kalitede \u00fcretim yaparak Zen due Sistemleri\u2019nin sahip oldu\u011fu \u00fcst\u00fcn \u00f6zelliklerden son kullan\u0131c\u0131n\u0131n faydalanmas\u0131n\u0131 sa\u011flar.<\/p>\n\n\n\n<p>Y\u00fcksek performansl\u0131, kullan\u0131c\u0131 dostu sistemler i\u00e7in Camoda Balkon Camlama sistemleri \u00fcretimin t\u00fcm s\u00fcre\u00e7lerini titizlikle y\u00f6nlendirmektedir.<\/p>\n\n\n\n<h3>Teknik \u00d6zellikler<img decoding=\"async\" src=\"https:\/\/www.egepen.com.tr\/images\/zen-due.jpg\"><\/h3>\n\n\n\n<figure class=\"wp-block-table alignleft\"><table><tbody><tr><td><strong>Geni\u015flik<\/strong><\/td><td><strong>:<\/strong>&nbsp;146,2 mm<\/td><\/tr><tr><td><strong>Conta<\/strong><\/td><td><strong>:<\/strong>&nbsp;F\u0131r\u00e7a Conta<\/td><\/tr><tr><td><strong>Conta Say\u0131s\u0131<\/strong><\/td><td><strong>:<\/strong>&nbsp;\u0130\u00e7 &#8211; D\u0131\u015f \/ \u00c7ift S\u0131ra<\/td><\/tr><tr><td><strong>Kanat Aralar\u0131<\/strong><\/td><td><strong>:<\/strong>&nbsp;Al\u00fcminyum Kapak Profili<\/td><\/tr><tr><td><strong>Cam Uygulamalar\u0131<\/strong><\/td><td><strong>:<\/strong>&nbsp;30 mm temperli \u00e7ift cam<\/td><\/tr><tr><td><strong>Mekanizma<\/strong><\/td><td><strong>:<\/strong>&nbsp;45,2 mm tekerlekli tasar\u0131m 8 adet<\/td><\/tr><tr><td><strong>Opsiyon<\/strong><\/td><td><strong>:<\/strong>&nbsp;Jaluzi uygulama imkan\u0131<\/td><\/tr><\/tbody><\/table><\/figure>\n\n\n\n<h3>Renk Se\u00e7enekleri<\/h3>\n\n\n\n<p>Zen due Deceuninck Cam Balkon Sistemleri zengin renk se\u00e7enekleri ile t\u00fcketicilerin beklentilerini kar\u015f\u0131lamaktad\u0131r.<\/p>\n\n\n\n<div class=\"wp-block-image\"><figure class=\"alignleft\"><img decoding=\"async\" src=\"https:\/\/www.egepen.com.tr\/images\/altin-mese-k.png\" alt=\"Alt\u0131n Me\u015fe\" title=\"\"\/><\/figure><\/div>\n\n\n\n<div class=\"wp-block-image\"><figure class=\"alignleft\"><img decoding=\"async\" src=\"https:\/\/www.egepen.com.tr\/images\/findik-k.png\" alt=\"F\u0131nd\u0131k\" title=\"\"\/><\/figure><\/div>\n\n\n\n<div class=\"wp-block-image\"><figure class=\"alignleft\"><img decoding=\"async\" src=\"https:\/\/www.egepen.com.tr\/images\/naturel-k.png\" alt=\"Naturel\" title=\"\"\/><\/figure><\/div>\n\n\n\n<div class=\"wp-block-image\"><figure class=\"alignleft\"><img decoding=\"async\" src=\"https:\/\/www.egepen.com.tr\/images\/parlak-eloksal_k.png\" alt=\"Parlak Eloksal\" title=\"\"\/><\/figure><\/div>\n\n\n\n<div class=\"wp-block-image\"><figure class=\"alignleft\"><img decoding=\"async\" src=\"https:\/\/www.egepen.com.tr\/images\/sedef-beyaz_k.png\" alt=\"Sedef Beyaz\" title=\"\"\/><\/figure><\/div>\n\n\n\n<div class=\"wp-block-image\"><figure class=\"alignleft\"><img decoding=\"async\" src=\"https:\/\/www.egepen.com.tr\/images\/vizon_k.png\" alt=\"Vizon\" title=\"\"\/><\/figure><\/div>\n\n\n\n<div class=\"wp-block-image\"><figure class=\"alignleft\"><img decoding=\"async\" src=\"https:\/\/www.egepen.com.tr\/images\/gri_k.png\" alt=\"Gri\" title=\"\"\/><\/figure><\/div>\n\n\n\n<div class=\"wp-block-image\"><figure class=\"alignleft\"><img decoding=\"async\" src=\"https:\/\/www.egepen.com.tr\/images\/titan_k.png\" alt=\"Titan\" title=\"\"\/><\/figure><\/div>\n\n\n\n<div class=\"wp-block-image\"><figure class=\"alignleft\"><a href=\"https:\/\/www.egepen.com.tr\/images\/egepen-kartela.jpg\"><img decoding=\"async\" src=\"https:\/\/www.egepen.com.tr\/images\/egepen-kartela-k.jpg\" alt=\"Titanium Sand\" title=\"\"\/><\/a><\/figure><\/div>\n\n\n\n<figure class=\"is-layout-flex wp-block-gallery-1 wp-block-gallery alignwide columns-3 is-cropped\"><ul class=\"blocks-gallery-grid\"><li class=\"blocks-gallery-item\"><figure><img decoding=\"async\" loading=\"lazy\" width=\"600\" height=\"400\" src=\"http:\/\/www.farkpen.com\/wp-content\/uploads\/2020\/06\/sm_crp_7ab462f2-16c1-4211-a95a-dcee253ec90f.jpg\" alt=\"\" data-id=\"545\" data-full-url=\"http:\/\/www.farkpen.com\/wp-content\/uploads\/2020\/06\/sm_crp_7ab462f2-16c1-4211-a95a-dcee253ec90f.jpg\" data-link=\"http:\/\/www.farkpen.com\/?attachment_id=545\" class=\"wp-image-545\" srcset=\"http:\/\/www.farkpen.com\/wp-content\/uploads\/2020\/06\/sm_crp_7ab462f2-16c1-4211-a95a-dcee253ec90f.jpg 600w, http:\/\/www.farkpen.com\/wp-content\/uploads\/2020\/06\/sm_crp_7ab462f2-16c1-4211-a95a-dcee253ec90f-300x200.jpg 300w\" sizes=\"(max-width: 600px) 100vw, 600px\" \/><\/figure><\/li><li class=\"blocks-gallery-item\"><figure><img decoding=\"async\" loading=\"lazy\" width=\"600\" height=\"400\" src=\"http:\/\/www.farkpen.com\/wp-content\/uploads\/2020\/06\/sm_crp_1919fbc0-5308-4272-9758-45eb8e0449b4.jpg\" alt=\"\" data-id=\"546\" data-full-url=\"http:\/\/www.farkpen.com\/wp-content\/uploads\/2020\/06\/sm_crp_1919fbc0-5308-4272-9758-45eb8e0449b4.jpg\" data-link=\"http:\/\/www.farkpen.com\/?attachment_id=546\" class=\"wp-image-546\" srcset=\"http:\/\/www.farkpen.com\/wp-content\/uploads\/2020\/06\/sm_crp_1919fbc0-5308-4272-9758-45eb8e0449b4.jpg 600w, http:\/\/www.farkpen.com\/wp-content\/uploads\/2020\/06\/sm_crp_1919fbc0-5308-4272-9758-45eb8e0449b4-300x200.jpg 300w\" sizes=\"(max-width: 600px) 100vw, 600px\" \/><\/figure><\/li><li class=\"blocks-gallery-item\"><figure><img decoding=\"async\" loading=\"lazy\" width=\"600\" height=\"400\" src=\"http:\/\/www.farkpen.com\/wp-content\/uploads\/2020\/06\/sm_crp_2176a7e3-9a78-476d-a58d-c2e2fb3a22af.jpg\" alt=\"\" data-id=\"547\" data-full-url=\"http:\/\/www.farkpen.com\/wp-content\/uploads\/2020\/06\/sm_crp_2176a7e3-9a78-476d-a58d-c2e2fb3a22af.jpg\" data-link=\"http:\/\/www.farkpen.com\/?attachment_id=547\" class=\"wp-image-547\" srcset=\"http:\/\/www.farkpen.com\/wp-content\/uploads\/2020\/06\/sm_crp_2176a7e3-9a78-476d-a58d-c2e2fb3a22af.jpg 600w, http:\/\/www.farkpen.com\/wp-content\/uploads\/2020\/06\/sm_crp_2176a7e3-9a78-476d-a58d-c2e2fb3a22af-300x200.jpg 300w\" sizes=\"(max-width: 600px) 100vw, 600px\" \/><\/figure><\/li><\/ul><\/figure>\n","protected":false},"excerpt":{"rendered":"<p>Genel \u00d6zellikler Zen due; sahip oldu\u011fu tutamak tasar\u0131m\u0131, ta\u015f\u0131ma kapasitesi ve her zevke hitap eden renk se\u00e7enekleri ile kullan\u0131c\u0131s\u0131na daha<\/p>\n","protected":false},"author":1,"featured_media":0,"parent":0,"menu_order":0,"comment_status":"closed","ping_status":"closed","template":"","meta":[],"_links":{"self":[{"href":"http:\/\/www.farkpen.com\/index.php\/wp-json\/wp\/v2\/pages\/544"}],"collection":[{"href":"http:\/\/www.farkpen.com\/index.php\/wp-json\/wp\/v2\/pages"}],"about":[{"href":"http:\/\/www.farkpen.com\/index.php\/wp-json\/wp\/v2\/types\/page"}],"author":[{"embeddable":true,"href":"http:\/\/www.farkpen.com\/index.php\/wp-json\/wp\/v2\/users\/1"}],"replies":[{"embeddable":true,"href":"http:\/\/www.farkpen.com\/index.php\/wp-json\/wp\/v2\/comments?post=544"}],"version-history":[{"count":1,"href":"http:\/\/www.farkpen.com\/index.php\/wp-json\/wp\/v2\/pages\/544\/revisions"}],"predecessor-version":[{"id":548,"href":"http:\/\/www.farkpen.com\/index.php\/wp-json\/wp\/v2\/pages\/544\/revisions\/548"}],"wp:attachment":[{"href":"http:\/\/www.farkpen.com\/index.php\/wp-json\/wp\/v2\/media?parent=544"}],"curies":[{"name":"wp","href":"https:\/\/api.w.org\/{rel}","templated":true}]}}