{"id":533,"date":"2020-06-21T14:38:25","date_gmt":"2020-06-21T14:38:25","guid":{"rendered":"http:\/\/www.farkpen.com\/?page_id=533"},"modified":"2020-06-21T14:38:27","modified_gmt":"2020-06-21T14:38:27","slug":"deceuninck-cam-balkon-sistemleri","status":"publish","type":"page","link":"http:\/\/www.farkpen.com\/index.php\/deceuninck-cam-balkon-sistemleri\/","title":{"rendered":"DECEUNINCK CAM BALKON S\u0130STEMLER\u0130"},"content":{"rendered":"\n<div class=\"wp-block-media-text alignwide is-stacked-on-mobile\"><figure class=\"wp-block-media-text__media\"><img decoding=\"async\" loading=\"lazy\" width=\"396\" height=\"264\" src=\"http:\/\/www.farkpen.com\/wp-content\/uploads\/2020\/06\/ZEN-UNO.jpg\" alt=\"\" class=\"wp-image-534\" srcset=\"http:\/\/www.farkpen.com\/wp-content\/uploads\/2020\/06\/ZEN-UNO.jpg 396w, http:\/\/www.farkpen.com\/wp-content\/uploads\/2020\/06\/ZEN-UNO-300x200.jpg 300w\" sizes=\"(max-width: 396px) 100vw, 396px\" \/><\/figure><div class=\"wp-block-media-text__content\">\n<p style=\"font-size:21px\" class=\"has-text-color has-vivid-cyan-blue-color\">Zen Uno Sistemi<\/p>\n\n\n\n<p style=\"font-size:15px\" class=\"has-text-color has-very-dark-gray-color\">Zen Uno Sistemi sahip oldu\u011fu tutamak tasar\u0131m\u0131 ve ta\u015f\u0131ma kapasitesi ile kullan\u0131c\u0131s\u0131na kolay bir kullan\u0131m imkan\u0131 yarat\u0131r.<\/p>\n<\/div><\/div>\n\n\n\n<div class=\"wp-block-media-text alignwide is-stacked-on-mobile\"><figure class=\"wp-block-media-text__media\"><img decoding=\"async\" loading=\"lazy\" width=\"389\" height=\"262\" src=\"http:\/\/www.farkpen.com\/wp-content\/uploads\/2020\/06\/vertex-sistemi.jpg\" alt=\"\" class=\"wp-image-535\" srcset=\"http:\/\/www.farkpen.com\/wp-content\/uploads\/2020\/06\/vertex-sistemi.jpg 389w, http:\/\/www.farkpen.com\/wp-content\/uploads\/2020\/06\/vertex-sistemi-300x202.jpg 300w\" sizes=\"(max-width: 389px) 100vw, 389px\" \/><\/figure><div class=\"wp-block-media-text__content\">\n<p style=\"font-size:21px\" class=\"has-text-color has-vivid-cyan-blue-color\">Vertex Sistemi<\/p>\n\n\n\n<p style=\"font-size:15px\" class=\"has-text-color has-very-dark-gray-color\">Vertex Sistemleri, 3 farkl\u0131 renk se\u00e7ene\u011fi ve manzaradan \u00f6d\u00fcn vermeyen \u00f6zelli\u011fiyle t\u00fcm balkonlara uygulanabilir.<\/p>\n<\/div><\/div>\n\n\n\n<div class=\"wp-block-media-text alignwide is-stacked-on-mobile\"><figure class=\"wp-block-media-text__media\"><img decoding=\"async\" loading=\"lazy\" width=\"390\" height=\"263\" src=\"http:\/\/www.farkpen.com\/wp-content\/uploads\/2020\/06\/zen-due-sistemi.jpg\" alt=\"\" class=\"wp-image-536\" srcset=\"http:\/\/www.farkpen.com\/wp-content\/uploads\/2020\/06\/zen-due-sistemi.jpg 390w, http:\/\/www.farkpen.com\/wp-content\/uploads\/2020\/06\/zen-due-sistemi-300x202.jpg 300w\" sizes=\"(max-width: 390px) 100vw, 390px\" \/><\/figure><div class=\"wp-block-media-text__content\">\n<p style=\"font-size:21px\" class=\"has-text-color has-vivid-cyan-blue-color\">Zen Due Sistemi<\/p>\n\n\n\n<p style=\"font-size:15px\" class=\"has-text-color has-very-dark-gray-color\">Zen Due; sahip oldu\u011fu tutamak tasar\u0131m\u0131, ta\u015f\u0131ma kapasitesi ve her zevke hitap eden renk se\u00e7enekleri ile kullan\u0131c\u0131s\u0131na daha \u00f6nce sunulmam\u0131\u015f bir konfor sa\u011flar.<\/p>\n<\/div><\/div>\n\n\n\n<div class=\"wp-block-media-text alignwide is-stacked-on-mobile\"><figure class=\"wp-block-media-text__media\"><img decoding=\"async\" loading=\"lazy\" width=\"387\" height=\"259\" src=\"http:\/\/www.farkpen.com\/wp-content\/uploads\/2020\/06\/loca-sistemi.jpg\" alt=\"\" class=\"wp-image-537\" srcset=\"http:\/\/www.farkpen.com\/wp-content\/uploads\/2020\/06\/loca-sistemi.jpg 387w, http:\/\/www.farkpen.com\/wp-content\/uploads\/2020\/06\/loca-sistemi-300x201.jpg 300w\" sizes=\"(max-width: 387px) 100vw, 387px\" \/><\/figure><div class=\"wp-block-media-text__content\">\n<p style=\"font-size:21px\" class=\"has-text-color has-vivid-cyan-blue-color\">Loca Sistemi<\/p>\n\n\n\n<p style=\"font-size:15px\" class=\"has-text-color has-very-dark-gray-color\">Camoda Loca Sistemi; cafe, restoran, plajlar, m\u00fcstakil evler, apartman ve site bah\u00e7eleri gibi ya\u015fam alanlar\u0131nda kullan\u0131ma uygundur.<\/p>\n<\/div><\/div>\n\n\n\n<div class=\"wp-block-media-text alignwide is-stacked-on-mobile\"><figure class=\"wp-block-media-text__media\"><img decoding=\"async\" loading=\"lazy\" width=\"393\" height=\"266\" src=\"http:\/\/www.farkpen.com\/wp-content\/uploads\/2020\/06\/suprem-sistemi.jpg\" alt=\"\" class=\"wp-image-538\" srcset=\"http:\/\/www.farkpen.com\/wp-content\/uploads\/2020\/06\/suprem-sistemi.jpg 393w, http:\/\/www.farkpen.com\/wp-content\/uploads\/2020\/06\/suprem-sistemi-300x203.jpg 300w\" sizes=\"(max-width: 393px) 100vw, 393px\" \/><\/figure><div class=\"wp-block-media-text__content\">\n<p style=\"font-size:21px\" class=\"has-text-color has-vivid-cyan-blue-color\">Suprem Sistemi<\/p>\n\n\n\n<p style=\"font-size:15px\" class=\"has-text-color has-very-dark-gray-color\">Y\u00fcksek ve geni\u015f a\u00e7\u0131kl\u0131klara uygulanan Suprem Sistemleri, sa\u011flad\u0131\u011f\u0131 ses ve \u0131s\u0131 yal\u0131t\u0131m\u0131 sayesinde di\u011fer cam balkon \u00fcr\u00fcnlerinden ayr\u0131\u015f\u0131r.<\/p>\n<\/div><\/div>\n","protected":false},"excerpt":{"rendered":"<p>Zen Uno Sistemi Zen Uno Sistemi sahip oldu\u011fu tutamak tasar\u0131m\u0131 ve ta\u015f\u0131ma kapasitesi ile kullan\u0131c\u0131s\u0131na kolay bir kullan\u0131m imkan\u0131 yarat\u0131r.<\/p>\n","protected":false},"author":1,"featured_media":0,"parent":0,"menu_order":0,"comment_status":"closed","ping_status":"closed","template":"","meta":[],"_links":{"self":[{"href":"http:\/\/www.farkpen.com\/index.php\/wp-json\/wp\/v2\/pages\/533"}],"collection":[{"href":"http:\/\/www.farkpen.com\/index.php\/wp-json\/wp\/v2\/pages"}],"about":[{"href":"http:\/\/www.farkpen.com\/index.php\/wp-json\/wp\/v2\/types\/page"}],"author":[{"embeddable":true,"href":"http:\/\/www.farkpen.com\/index.php\/wp-json\/wp\/v2\/users\/1"}],"replies":[{"embeddable":true,"href":"http:\/\/www.farkpen.com\/index.php\/wp-json\/wp\/v2\/comments?post=533"}],"version-history":[{"count":1,"href":"http:\/\/www.farkpen.com\/index.php\/wp-json\/wp\/v2\/pages\/533\/revisions"}],"predecessor-version":[{"id":539,"href":"http:\/\/www.farkpen.com\/index.php\/wp-json\/wp\/v2\/pages\/533\/revisions\/539"}],"wp:attachment":[{"href":"http:\/\/www.farkpen.com\/index.php\/wp-json\/wp\/v2\/media?parent=533"}],"curies":[{"name":"wp","href":"https:\/\/api.w.org\/{rel}","templated":true}]}}