{"id":522,"date":"2020-06-21T14:14:43","date_gmt":"2020-06-21T14:14:43","guid":{"rendered":"http:\/\/www.farkpen.com\/?page_id=522"},"modified":"2020-06-21T14:14:46","modified_gmt":"2020-06-21T14:14:46","slug":"pvc-kepenk-sistemleri","status":"publish","type":"page","link":"http:\/\/www.farkpen.com\/index.php\/pvc-kepenk-sistemleri\/","title":{"rendered":"PVC KEPENK S\u0130STEMLER\u0130"},"content":{"rendered":"\n<h3>Genel \u00d6zellikler<\/h3>\n\n\n\n<p>Olumsuz hava ko\u015fullar\u0131na kar\u015f\u0131 alternatif \u00e7\u00f6z\u00fcmlerden biri olan kepenk, Egepen Deceuninck\u2019in estetik tasar\u0131m\u0131 ve i\u015flevselli\u011fi ile bulu\u015fuyor. Geli\u015ftirdi\u011fi&nbsp;<strong>PVC<\/strong>&nbsp;\u00fcr\u00fcnleri y\u00fczde 100 geri d\u00f6n\u00fc\u015f\u00fcml\u00fc \u00fcreten ve t\u00fcm \u00fcr\u00fcnlerini maksimum uyum ile bir araya getiren Egepen Deceuninck, geli\u015ftirdi\u011fi&nbsp;<em><strong>kepenk&nbsp;<\/strong><\/em>se\u00e7eneklerini nostaljiden vazge\u00e7meyenlerin be\u011fenisine sunuyor.<\/p>\n\n\n\n<p>Estetik ve fonksiyonu, geli\u015ftirdi\u011fi tasar\u0131mlarda maksimum uyum ile bir araya getiren Egepen Deceuninck, eviniz i\u00e7in geli\u015ftirdi\u011fi&nbsp;<strong>PVC&nbsp;<\/strong><strong>kepenk sistemleri<\/strong>&nbsp;\u00e7e\u015fitlerini be\u011feninize sunar.<\/p>\n\n\n\n<p>\u00d6zellikle g\u00fcn\u00fcm\u00fczde g\u00fcvenlik ya da sert iklim ko\u015fullar\u0131ndan korunmak amac\u0131yla kullan\u0131lan&nbsp;<em>kepenk sistemleri<\/em>, kullan\u0131c\u0131lara hem g\u00fcvenli bir ortam hem de \u0131s\u0131 tasarrufu sa\u011fl\u0131yor. Dekoratif ama\u00e7l\u0131 olarak da kullan\u0131labilen&nbsp;<em><strong>PVC kepenk sistemleri<\/strong><\/em>, Egepen Deceuninck\u2019in do\u011fadan esinlenilen 14 farkl\u0131 renk se\u00e7ene\u011fi ile mek\u00e2nlara estetik ve fonksiyonel \u00e7\u00f6z\u00fcmler sunuyor.Egepen Deceuninck&nbsp;<em>kepenk sistemlerinde<\/em>, kanatlar kapal\u0131yken \u00f6zel makasl\u0131 bir sistem ile ileriye do\u011fru a\u00e7\u0131labiliyor. \u201c<strong>Faydal\u0131 Model Belgesi<\/strong>\u201d alan ve Egepen Deceuninck\u2019in&nbsp;<strong>PVC kepenk sistemine<\/strong>&nbsp;farkl\u0131l\u0131k getiren bu uygulamas\u0131 kullan\u0131c\u0131lara kullan\u0131m kolayl\u0131\u011f\u0131 sa\u011fl\u0131yor. \u00d6zel sistem ile geli\u015ftirilen PVC kepenk sistemleri, montaj \u015fekline g\u00f6re duvara veya kasaya montaj olmak \u00fczere iki gruba ayr\u0131l\u0131yor. Ki\u015fisel tercihlere ve zevklere g\u00f6re Egepen Deceunicnk kepenklerde beyaz ve lamine renk alternatifleri de uygulanabiliyor. Mek\u00e2n\u0131n \u00f6zelli\u011fine g\u00f6re kemerli kepenk \u00fcretimi de yap\u0131labilen&nbsp;<em>PVC kepenk sistemleri<\/em>, hem pencere sistemine estetik sa\u011fl\u0131yor hem de dayan\u0131kl\u0131 ve a\u015f\u0131nmaz yap\u0131s\u0131yla y\u0131llarca g\u00fcvenle kullan\u0131labiliyor.<\/p>\n\n\n\n<p><strong>Kepenk sistemlerinde<\/strong>, kanatlar kapal\u0131 iken, \u00f6zel makasl\u0131 bir sistem ile i\u00e7 kanatlar ileriye do\u011fru a\u00e7\u0131labilir. Kepenkler montaj \u015fekline g\u00f6re duvara veya kasaya montaj olarak iki gruba ayr\u0131l\u0131r. Kepenk sistemlerinde beyaz ve lamine renk alternatifleri uygulanabilir. Mekan\u0131n \u00f6zelliklerine g\u00f6re, kemerli kepenk sistemleri \u00fcretimi de m\u00fcmk\u00fcnd\u00fcr.<\/p>\n\n\n\n<p>Ege Profil Tic. ve San. A.\u015e. patentli bu kepenk sistemleri, her&nbsp;<em>PVC pencere sistemine<\/em>&nbsp;uyum sa\u011flar ve y\u0131llarca g\u00fcvenle kullan\u0131labilir.<\/p>\n\n\n\n<p>Teknik \u00d6zellikler<\/p>\n\n\n\n<figure class=\"wp-block-image size-large\"><img decoding=\"async\" src=\"https:\/\/www.egepen.com.tr\/images\/kepenk_t.jpg\" alt=\"\"\/><\/figure>\n\n\n\n<h3>PVC Kepenk Sistemleri Bro\u015f\u00fcr<\/h3>\n\n\n\n<ul><li><a href=\"https:\/\/www.egepen.com.tr\/egepenTemp\/8e07118f-f454-41a1-95ef-e466a7c1a54a.pdf\" target=\"_blank\" rel=\"noreferrer noopener\">Kepenk Sistemleri Bro\u015f\u00fcr<\/a><\/li><\/ul>\n\n\n\n<figure class=\"is-layout-flex wp-block-gallery-1 wp-block-gallery columns-2 is-cropped\"><ul class=\"blocks-gallery-grid\"><li class=\"blocks-gallery-item\"><figure><img decoding=\"async\" loading=\"lazy\" width=\"600\" height=\"400\" src=\"http:\/\/www.farkpen.com\/wp-content\/uploads\/2020\/06\/sm_crp_d6297331-3f87-4976-bcdb-2b948a1231ea.jpg\" alt=\"\" data-id=\"523\" data-full-url=\"http:\/\/www.farkpen.com\/wp-content\/uploads\/2020\/06\/sm_crp_d6297331-3f87-4976-bcdb-2b948a1231ea.jpg\" data-link=\"http:\/\/www.farkpen.com\/?attachment_id=523\" class=\"wp-image-523\" srcset=\"http:\/\/www.farkpen.com\/wp-content\/uploads\/2020\/06\/sm_crp_d6297331-3f87-4976-bcdb-2b948a1231ea.jpg 600w, http:\/\/www.farkpen.com\/wp-content\/uploads\/2020\/06\/sm_crp_d6297331-3f87-4976-bcdb-2b948a1231ea-300x200.jpg 300w\" sizes=\"(max-width: 600px) 100vw, 600px\" \/><\/figure><\/li><li class=\"blocks-gallery-item\"><figure><img decoding=\"async\" loading=\"lazy\" width=\"600\" height=\"400\" src=\"http:\/\/www.farkpen.com\/wp-content\/uploads\/2020\/06\/sm_crp_e3b32392-bfb0-427d-be60-ad8d07bb5171.jpg\" alt=\"\" data-id=\"524\" data-full-url=\"http:\/\/www.farkpen.com\/wp-content\/uploads\/2020\/06\/sm_crp_e3b32392-bfb0-427d-be60-ad8d07bb5171.jpg\" data-link=\"http:\/\/www.farkpen.com\/?attachment_id=524\" class=\"wp-image-524\" srcset=\"http:\/\/www.farkpen.com\/wp-content\/uploads\/2020\/06\/sm_crp_e3b32392-bfb0-427d-be60-ad8d07bb5171.jpg 600w, http:\/\/www.farkpen.com\/wp-content\/uploads\/2020\/06\/sm_crp_e3b32392-bfb0-427d-be60-ad8d07bb5171-300x200.jpg 300w\" sizes=\"(max-width: 600px) 100vw, 600px\" \/><\/figure><\/li><\/ul><\/figure>\n","protected":false},"excerpt":{"rendered":"<p>Genel \u00d6zellikler Olumsuz hava ko\u015fullar\u0131na kar\u015f\u0131 alternatif \u00e7\u00f6z\u00fcmlerden biri olan kepenk, Egepen Deceuninck\u2019in estetik tasar\u0131m\u0131 ve i\u015flevselli\u011fi ile bulu\u015fuyor. Geli\u015ftirdi\u011fi&nbsp;PVC&nbsp;\u00fcr\u00fcnleri<\/p>\n","protected":false},"author":1,"featured_media":0,"parent":0,"menu_order":0,"comment_status":"closed","ping_status":"closed","template":"","meta":[],"_links":{"self":[{"href":"http:\/\/www.farkpen.com\/index.php\/wp-json\/wp\/v2\/pages\/522"}],"collection":[{"href":"http:\/\/www.farkpen.com\/index.php\/wp-json\/wp\/v2\/pages"}],"about":[{"href":"http:\/\/www.farkpen.com\/index.php\/wp-json\/wp\/v2\/types\/page"}],"author":[{"embeddable":true,"href":"http:\/\/www.farkpen.com\/index.php\/wp-json\/wp\/v2\/users\/1"}],"replies":[{"embeddable":true,"href":"http:\/\/www.farkpen.com\/index.php\/wp-json\/wp\/v2\/comments?post=522"}],"version-history":[{"count":1,"href":"http:\/\/www.farkpen.com\/index.php\/wp-json\/wp\/v2\/pages\/522\/revisions"}],"predecessor-version":[{"id":525,"href":"http:\/\/www.farkpen.com\/index.php\/wp-json\/wp\/v2\/pages\/522\/revisions\/525"}],"wp:attachment":[{"href":"http:\/\/www.farkpen.com\/index.php\/wp-json\/wp\/v2\/media?parent=522"}],"curies":[{"name":"wp","href":"https:\/\/api.w.org\/{rel}","templated":true}]}}