{"id":512,"date":"2020-06-21T14:03:01","date_gmt":"2020-06-21T14:03:01","guid":{"rendered":"http:\/\/www.farkpen.com\/?page_id=512"},"modified":"2020-06-21T14:03:03","modified_gmt":"2020-06-21T14:03:03","slug":"pvc-surme-sistemleri-2","status":"publish","type":"page","link":"http:\/\/www.farkpen.com\/index.php\/pvc-surme-sistemleri-2\/","title":{"rendered":"PVC S\u00dcRME S\u0130STEMLER\u0130"},"content":{"rendered":"\n<h3>Genel \u00d6zellikler<\/h3>\n\n\n\n<p><em><strong>PVC S\u00fcrme Kap\u0131 ve Pencere Sistemi<\/strong><\/em>&nbsp;i\u00e7inde yer alan bir\u00e7ok profil ve yard\u0131mc\u0131 malzemeler, izolasyon hedeflenerek \u00f6zel olarak tasarlanm\u0131\u015ft\u0131r ve birle\u015fim yerlerindeki al\u0131n kapatma I al\u0131n birle\u015ftirme profillerine, TPE conta dahil edile\u00adrek izolasyon art\u0131r\u0131lm\u0131\u015ft\u0131r.<\/p>\n\n\n\n<p><em><strong>PVC S\u00fcrme&nbsp;<\/strong><\/em><strong><em>Kap\u0131 ve Pencere&nbsp;<\/em><\/strong><em><strong>Sistemi<\/strong><\/em><strong><em>nde<\/em><\/strong>&nbsp;; s\u00fcrme kasa, s\u00fcrme pervaz kasa, s\u00fcrme kasa sineklikli, \u00fc\u00e7 ray kasa, sabit s\u00fcrme kasa ve sabit s\u00fcrme pervaz kasa kullan\u0131m\u0131 ile bir\u00e7ok \u00e7\u00f6z\u00fcm bulunmaktad\u0131r. Bu sistemde \u00fcretilen pencere ve kap\u0131 detay\u0131na g\u00f6re, sistem i\u00e7indeki iki farkl\u0131 s\u00fcrme kanat profil (3 oda\u00adc\u0131kl\u0131) se\u00e7ene\u011fi yer al\u0131r.&nbsp;<em>PVC S\u00fcrme Kap\u0131 ve Pencere Sistemi<\/em>, yard\u0131mc\u0131 profiller kullan\u0131larak Zendow ve Everest Max Sistemleri ile de kombine edilebilmektedir. Ayr\u0131ca, al\u00fcminyum al\u0131n kapatma ve al\u0131n birle\u015ftirme profi\u00adlleri ile r\u00fczgara kar\u015f\u0131 mukavemet de art\u0131r\u0131larak, daha geni\u015f boyutlarda do\u011frama imalat\u0131 yapma olana\u011f\u0131 sa\u011flan\u0131r. S\u00fcrme kasa \u00e7ift kanat hareketli veya sabit s\u00fcrme kasa uygulamalar\u0131nda, alt-\u00fcst ve yan k\u0131s\u0131mlar\u0131nda fiks b\u00f6l\u00fcmler olu\u015fturulabilir.<\/p>\n\n\n\n<p><strong>PVC S\u00fcrme&nbsp;<\/strong><strong><em>Kap\u0131 ve Pencere&nbsp;<\/em><\/strong><strong>Sistemde<\/strong>&nbsp;yer alan t\u00fcm profiller, TS 5358 EN 12608&#8217;e uygundur.<\/p>\n\n\n\n<h3>Teknik \u00d6zellikler<img decoding=\"async\" src=\"https:\/\/www.egepen.com.tr\/images\/surme.jpg\"><\/h3>\n\n\n\n<figure class=\"wp-block-table alignleft\"><table><tbody><tr><td><strong>Conta<\/strong><\/td><td><strong>:<\/strong>&nbsp;TPE Gri \/ Siyah\/<\/td><\/tr><tr><td><strong>\u00c7\u0131ta<\/strong><\/td><td><strong>:<\/strong>&nbsp;Tek T\u0131rnakl\u0131 &#8211; PCE Contal\u0131<\/td><\/tr><tr><td><strong>Cam Kal\u0131nl\u0131klar\u0131<\/strong><\/td><td><strong>:<\/strong>&nbsp;4, 20, 24, 30 mm<\/td><\/tr><tr><td><strong>A\u00e7\u0131l\u0131m Se\u00e7enekleri<\/strong><\/td><td><strong>:<\/strong>&nbsp;S\u00fcrme tek ray, \u00e7ift ray, \u00fc\u00e7 ray kasa profilleri ve sineklik kasa, pervazl\u0131 kasa uygulamalar\u0131<\/td><\/tr><tr><td><strong>S\u0131n\u0131f<\/strong><\/td><td><strong>:<\/strong>&nbsp;TS EN 12608-1 B S\u0131n\u0131f\u0131<\/td><\/tr><tr><td><strong>Is\u0131 \u0130letkenlik Kat Say\u0131s\u0131<\/strong><\/td><td><strong>:<\/strong>&nbsp;Uf: 2.0 W\/m2K<\/td><\/tr><\/tbody><\/table><\/figure>\n\n\n\n<h3>S\u00fcrme Bro\u015f\u00fcr<\/h3>\n\n\n\n<ul><li><a href=\"https:\/\/www.egepen.com.tr\/egepenTemp\/e63f4e13-5af7-494f-ba63-12a140a25be1.pdf\" target=\"_blank\" rel=\"noreferrer noopener\">S\u00fcrme<\/a><\/li><\/ul>\n\n\n\n<figure class=\"wp-block-image size-large\"><img decoding=\"async\" src=\"https:\/\/www.egepen.com.tr\/egepenTemp\/03_Surme_Cift-ray-pervaz-kasa-kanat_HQ_k.jpg\" alt=\"\"\/><\/figure>\n\n\n\n<figure class=\"is-layout-flex wp-block-gallery-1 wp-block-gallery columns-3 is-cropped\"><ul class=\"blocks-gallery-grid\"><li class=\"blocks-gallery-item\"><figure><img decoding=\"async\" loading=\"lazy\" width=\"600\" height=\"400\" src=\"http:\/\/www.farkpen.com\/wp-content\/uploads\/2020\/06\/sm_crp_10dc0c36-75f9-418a-859c-5a21bafdb2d4.jpg\" alt=\"\" data-id=\"513\" data-full-url=\"http:\/\/www.farkpen.com\/wp-content\/uploads\/2020\/06\/sm_crp_10dc0c36-75f9-418a-859c-5a21bafdb2d4.jpg\" data-link=\"http:\/\/www.farkpen.com\/?attachment_id=513\" class=\"wp-image-513\" srcset=\"http:\/\/www.farkpen.com\/wp-content\/uploads\/2020\/06\/sm_crp_10dc0c36-75f9-418a-859c-5a21bafdb2d4.jpg 600w, http:\/\/www.farkpen.com\/wp-content\/uploads\/2020\/06\/sm_crp_10dc0c36-75f9-418a-859c-5a21bafdb2d4-300x200.jpg 300w\" sizes=\"(max-width: 600px) 100vw, 600px\" \/><\/figure><\/li><li class=\"blocks-gallery-item\"><figure><img decoding=\"async\" loading=\"lazy\" width=\"600\" height=\"400\" src=\"http:\/\/www.farkpen.com\/wp-content\/uploads\/2020\/06\/sm_crp_80f6423c-a4c8-4722-8b43-ef44d552eadf.jpg\" alt=\"\" data-id=\"514\" data-full-url=\"http:\/\/www.farkpen.com\/wp-content\/uploads\/2020\/06\/sm_crp_80f6423c-a4c8-4722-8b43-ef44d552eadf.jpg\" data-link=\"http:\/\/www.farkpen.com\/?attachment_id=514\" class=\"wp-image-514\" srcset=\"http:\/\/www.farkpen.com\/wp-content\/uploads\/2020\/06\/sm_crp_80f6423c-a4c8-4722-8b43-ef44d552eadf.jpg 600w, http:\/\/www.farkpen.com\/wp-content\/uploads\/2020\/06\/sm_crp_80f6423c-a4c8-4722-8b43-ef44d552eadf-300x200.jpg 300w\" sizes=\"(max-width: 600px) 100vw, 600px\" \/><\/figure><\/li><li class=\"blocks-gallery-item\"><figure><img decoding=\"async\" loading=\"lazy\" width=\"600\" height=\"400\" src=\"http:\/\/www.farkpen.com\/wp-content\/uploads\/2020\/06\/sm_crp_c967de55-f622-4caa-aec5-e4da6990a166.jpg\" alt=\"\" data-id=\"515\" data-full-url=\"http:\/\/www.farkpen.com\/wp-content\/uploads\/2020\/06\/sm_crp_c967de55-f622-4caa-aec5-e4da6990a166.jpg\" data-link=\"http:\/\/www.farkpen.com\/?attachment_id=515\" class=\"wp-image-515\" srcset=\"http:\/\/www.farkpen.com\/wp-content\/uploads\/2020\/06\/sm_crp_c967de55-f622-4caa-aec5-e4da6990a166.jpg 600w, http:\/\/www.farkpen.com\/wp-content\/uploads\/2020\/06\/sm_crp_c967de55-f622-4caa-aec5-e4da6990a166-300x200.jpg 300w\" sizes=\"(max-width: 600px) 100vw, 600px\" \/><\/figure><\/li><\/ul><\/figure>\n","protected":false},"excerpt":{"rendered":"<p>Genel \u00d6zellikler PVC S\u00fcrme Kap\u0131 ve Pencere Sistemi&nbsp;i\u00e7inde yer alan bir\u00e7ok profil ve yard\u0131mc\u0131 malzemeler, izolasyon hedeflenerek \u00f6zel olarak tasarlanm\u0131\u015ft\u0131r<\/p>\n","protected":false},"author":1,"featured_media":0,"parent":0,"menu_order":0,"comment_status":"closed","ping_status":"closed","template":"","meta":[],"_links":{"self":[{"href":"http:\/\/www.farkpen.com\/index.php\/wp-json\/wp\/v2\/pages\/512"}],"collection":[{"href":"http:\/\/www.farkpen.com\/index.php\/wp-json\/wp\/v2\/pages"}],"about":[{"href":"http:\/\/www.farkpen.com\/index.php\/wp-json\/wp\/v2\/types\/page"}],"author":[{"embeddable":true,"href":"http:\/\/www.farkpen.com\/index.php\/wp-json\/wp\/v2\/users\/1"}],"replies":[{"embeddable":true,"href":"http:\/\/www.farkpen.com\/index.php\/wp-json\/wp\/v2\/comments?post=512"}],"version-history":[{"count":1,"href":"http:\/\/www.farkpen.com\/index.php\/wp-json\/wp\/v2\/pages\/512\/revisions"}],"predecessor-version":[{"id":516,"href":"http:\/\/www.farkpen.com\/index.php\/wp-json\/wp\/v2\/pages\/512\/revisions\/516"}],"wp:attachment":[{"href":"http:\/\/www.farkpen.com\/index.php\/wp-json\/wp\/v2\/media?parent=512"}],"curies":[{"name":"wp","href":"https:\/\/api.w.org\/{rel}","templated":true}]}}