{"id":507,"date":"2020-06-21T13:59:22","date_gmt":"2020-06-21T13:59:22","guid":{"rendered":"http:\/\/www.farkpen.com\/?page_id=507"},"modified":"2020-06-21T13:59:25","modified_gmt":"2020-06-21T13:59:25","slug":"hs76-pvc-surme-sistemleri","status":"publish","type":"page","link":"http:\/\/www.farkpen.com\/index.php\/hs76-pvc-surme-sistemleri\/","title":{"rendered":"HS76 PVC S\u00dcRME S\u0130STEMLER\u0130"},"content":{"rendered":"\n<h3>Genel \u00d6zellikler<\/h3>\n\n\n\n<p>HS76 sistemi i\u00e7in \u00f6zel tasarlanan,d\u00fc\u015f\u00fck &nbsp;aluminyum e\u015fik uygulamas\u0131, zemindeki profil y\u00fcksekli\u011fini minimize ederek, estetik a\u00e7\u0131dan \u00e7ok daha \u015f\u0131k bir tasar\u0131m ile fonksiyonel b\u00fct\u00fcnl\u00fck sa\u011flan\u0131r.<\/p>\n\n\n\n<p>Egepen Deceuninck, yeni uygulama ile, ge\u00e7i\u015f kap\u0131lar\u0131nda, T\u00fcrk Standartlar\u0131 Enstit\u00fcs\u00fc taraf\u0131ndan belirlenen standarda uygun olarak, tekerlekli sandalye ile ge\u00e7i\u015fi m\u00fcmk\u00fcn k\u0131lacak bir tasar\u0131m sunmaktad\u0131r.<\/p>\n\n\n\n<p>Yeni d\u00fc\u015f\u00fck e\u015fik, g\u00f6rsel olarak y\u00fckseklikteki azalmadan dolay\u0131, termal \u0131s\u0131 analizlerinde, daha yal\u0131t\u0131ml\u0131 sonu\u00e7lar vermektedir.<\/p>\n\n\n\n<h3>Teknik \u00d6zellikler<img decoding=\"async\" src=\"https:\/\/www.egepen.com.tr\/images\/hs76-surme.jpg\"><\/h3>\n\n\n\n<figure class=\"wp-block-table alignleft\"><table><tbody><tr><td><strong>Kasa Geni\u015fli\u011fi<\/strong><\/td><td><strong>:<\/strong>&nbsp;175 mm<\/td><\/tr><tr><td><strong>Kanat Geni\u015fli\u011fi<\/strong><\/td><td><strong>:<\/strong>&nbsp;76 mm<\/td><\/tr><tr><td><strong>Odac\u0131k Say\u0131s\u0131<\/strong><\/td><td><strong>:<\/strong>&nbsp;8 (kasa), 4 (kanat)<\/td><\/tr><tr><td><strong>Conta<\/strong><\/td><td><strong>:<\/strong>&nbsp;TPE Gri \/ Siyah<\/td><\/tr><tr><td><strong>\u00c7\u0131ta<\/strong><\/td><td><strong>:<\/strong>&nbsp;Tek T\u0131rnakl\u0131<\/td><\/tr><tr><td><strong>Cam Kal\u0131nl\u0131klar\u0131<\/strong><\/td><td><strong>:<\/strong>&nbsp;4, 20, 24, 30, 36, 44 mm<\/td><\/tr><tr><td><strong>Standart<\/strong><\/td><td><strong>:<\/strong>&nbsp;TS EN 12608-1 A S\u0131n\u0131f\u0131<\/td><\/tr><tr><td><strong>Is\u0131 \u0130letkenlik Kat Say\u0131s\u0131<\/strong><\/td><td><strong>:<\/strong>&nbsp;Uf: 1.2 W\/m2K<\/td><\/tr><\/tbody><\/table><\/figure>\n\n\n\n<h3>HS76 S\u00fcrme Bro\u015f\u00fcr<\/h3>\n\n\n\n<ul><li><a href=\"https:\/\/www.egepen.com.tr\/egepenTemp\/658294bc-5fa5-4409-8645-b88ebbdc3c01.pdf\" target=\"_blank\" rel=\"noreferrer noopener\">HS76 Bro\u015f\u00fcr\u00fc<\/a><\/li><\/ul>\n\n\n\n<figure class=\"wp-block-image size-large\"><img decoding=\"async\" src=\"https:\/\/www.egepen.com.tr\/egepenTemp\/01_HS76-PVC-Kasa-Kanat_HQ_k.jpg\" alt=\"\"\/><\/figure>\n\n\n\n<figure class=\"is-layout-flex wp-block-gallery-1 wp-block-gallery columns-3 is-cropped\"><ul class=\"blocks-gallery-grid\"><li class=\"blocks-gallery-item\"><figure><img decoding=\"async\" loading=\"lazy\" width=\"600\" height=\"400\" src=\"http:\/\/www.farkpen.com\/wp-content\/uploads\/2020\/06\/sm_crp_9a49c432-594b-4cd7-940c-88e143348938.jpg\" alt=\"\" data-id=\"508\" data-full-url=\"http:\/\/www.farkpen.com\/wp-content\/uploads\/2020\/06\/sm_crp_9a49c432-594b-4cd7-940c-88e143348938.jpg\" data-link=\"http:\/\/www.farkpen.com\/?attachment_id=508\" class=\"wp-image-508\" srcset=\"http:\/\/www.farkpen.com\/wp-content\/uploads\/2020\/06\/sm_crp_9a49c432-594b-4cd7-940c-88e143348938.jpg 600w, http:\/\/www.farkpen.com\/wp-content\/uploads\/2020\/06\/sm_crp_9a49c432-594b-4cd7-940c-88e143348938-300x200.jpg 300w\" sizes=\"(max-width: 600px) 100vw, 600px\" \/><\/figure><\/li><li class=\"blocks-gallery-item\"><figure><img decoding=\"async\" loading=\"lazy\" width=\"600\" height=\"400\" src=\"http:\/\/www.farkpen.com\/wp-content\/uploads\/2020\/06\/sm_crp_b7cb1261-9f38-4718-a7d8-614f39aa54ea.jpg\" alt=\"\" data-id=\"509\" data-full-url=\"http:\/\/www.farkpen.com\/wp-content\/uploads\/2020\/06\/sm_crp_b7cb1261-9f38-4718-a7d8-614f39aa54ea.jpg\" data-link=\"http:\/\/www.farkpen.com\/?attachment_id=509\" class=\"wp-image-509\" srcset=\"http:\/\/www.farkpen.com\/wp-content\/uploads\/2020\/06\/sm_crp_b7cb1261-9f38-4718-a7d8-614f39aa54ea.jpg 600w, http:\/\/www.farkpen.com\/wp-content\/uploads\/2020\/06\/sm_crp_b7cb1261-9f38-4718-a7d8-614f39aa54ea-300x200.jpg 300w\" sizes=\"(max-width: 600px) 100vw, 600px\" \/><\/figure><\/li><li class=\"blocks-gallery-item\"><figure><img decoding=\"async\" loading=\"lazy\" width=\"600\" height=\"400\" src=\"http:\/\/www.farkpen.com\/wp-content\/uploads\/2020\/06\/sm_crp_f6d22388-b67d-42c3-b5d2-2c27ad2ff4ff.jpg\" alt=\"\" data-id=\"510\" data-full-url=\"http:\/\/www.farkpen.com\/wp-content\/uploads\/2020\/06\/sm_crp_f6d22388-b67d-42c3-b5d2-2c27ad2ff4ff.jpg\" data-link=\"http:\/\/www.farkpen.com\/?attachment_id=510\" class=\"wp-image-510\" srcset=\"http:\/\/www.farkpen.com\/wp-content\/uploads\/2020\/06\/sm_crp_f6d22388-b67d-42c3-b5d2-2c27ad2ff4ff.jpg 600w, http:\/\/www.farkpen.com\/wp-content\/uploads\/2020\/06\/sm_crp_f6d22388-b67d-42c3-b5d2-2c27ad2ff4ff-300x200.jpg 300w\" sizes=\"(max-width: 600px) 100vw, 600px\" \/><\/figure><\/li><\/ul><\/figure>\n","protected":false},"excerpt":{"rendered":"<p>Genel \u00d6zellikler HS76 sistemi i\u00e7in \u00f6zel tasarlanan,d\u00fc\u015f\u00fck &nbsp;aluminyum e\u015fik uygulamas\u0131, zemindeki profil y\u00fcksekli\u011fini minimize ederek, estetik a\u00e7\u0131dan \u00e7ok daha \u015f\u0131k<\/p>\n","protected":false},"author":1,"featured_media":0,"parent":0,"menu_order":0,"comment_status":"closed","ping_status":"closed","template":"","meta":[],"_links":{"self":[{"href":"http:\/\/www.farkpen.com\/index.php\/wp-json\/wp\/v2\/pages\/507"}],"collection":[{"href":"http:\/\/www.farkpen.com\/index.php\/wp-json\/wp\/v2\/pages"}],"about":[{"href":"http:\/\/www.farkpen.com\/index.php\/wp-json\/wp\/v2\/types\/page"}],"author":[{"embeddable":true,"href":"http:\/\/www.farkpen.com\/index.php\/wp-json\/wp\/v2\/users\/1"}],"replies":[{"embeddable":true,"href":"http:\/\/www.farkpen.com\/index.php\/wp-json\/wp\/v2\/comments?post=507"}],"version-history":[{"count":1,"href":"http:\/\/www.farkpen.com\/index.php\/wp-json\/wp\/v2\/pages\/507\/revisions"}],"predecessor-version":[{"id":511,"href":"http:\/\/www.farkpen.com\/index.php\/wp-json\/wp\/v2\/pages\/507\/revisions\/511"}],"wp:attachment":[{"href":"http:\/\/www.farkpen.com\/index.php\/wp-json\/wp\/v2\/media?parent=507"}],"curies":[{"name":"wp","href":"https:\/\/api.w.org\/{rel}","templated":true}]}}