{"id":501,"date":"2020-06-21T13:53:08","date_gmt":"2020-06-21T13:53:08","guid":{"rendered":"http:\/\/www.farkpen.com\/?page_id=501"},"modified":"2020-06-21T13:54:39","modified_gmt":"2020-06-21T13:54:39","slug":"legend-pvc-surme-sistemleri","status":"publish","type":"page","link":"http:\/\/www.farkpen.com\/index.php\/legend-pvc-surme-sistemleri\/","title":{"rendered":"LEGEND PVC S\u00dcRME S\u0130STEMLER\u0130"},"content":{"rendered":"\n<h3>Genel \u00d6zellikler<\/h3>\n\n\n\n<p>Deceuninck&nbsp;<strong>Yeni Legend S\u00fcrme Kap\u0131 ve Pencere Sistemi<\/strong>&nbsp;ile ses ve hava yal\u0131t\u0131m\u0131nda \u00fcst d\u00fczey bir performans sunuyor. K\u0131\u015f\u0131n so\u011fuk, yaz\u0131n s\u0131cak havadan \u00fcst d\u00fczey koruma sa\u011flayan&nbsp;<strong>Legend S\u00fcrme&nbsp;<\/strong><strong>Kap\u0131 ve Pencere<\/strong><strong>&nbsp;<\/strong><strong>Sistemi&#8217;nin<\/strong>&nbsp;\u00f6ne \u00e7\u0131kan en \u00f6nemli \u00f6zellikleri ise estetik tasar\u0131m ve kullan\u0131c\u0131lara sundu\u011fu kolay kullan\u0131m.<\/p>\n\n\n\n<p><strong>S\u00fcrme&nbsp;<\/strong><strong>Kap\u0131 ve Pencere<\/strong><strong>&nbsp;<\/strong><strong>sistemini tercih etmek i\u00e7in bir \u00e7ok sebebiniz var;<\/strong><\/p>\n\n\n\n<p>Y\u00fcksek performans\u0131, g\u00fc\u00e7l\u00fc izolasyonu ve \u00e7ok kolay kullan\u0131m\u0131 ile mek\u00e2nlara maksimum fayda sa\u011flayan&nbsp;<strong>Legend S\u00fcrme&nbsp;<\/strong><strong>Kap\u0131 ve Pencere<\/strong><strong>&nbsp;<\/strong><strong>Sistemi<\/strong>, 76 mm geni\u015fli\u011fe, 5 odac\u0131kl\u0131 kanat yap\u0131s\u0131na sahiptir. Di\u011fer s\u00fcrme sistemlerine g\u00f6re \u00e7ok daha iyi hava s\u0131zd\u0131rmazl\u0131\u011f\u0131na sahip olma iddias\u0131n\u0131ta\u015f\u0131yan&nbsp;<strong>Legend S\u00fcrme&nbsp;<\/strong><strong>Kap\u0131 ve Pencere<\/strong><strong>&nbsp;<\/strong><strong>Sistemi&#8217;nde<\/strong>&nbsp;52 mm kal\u0131nl\u0131\u011f\u0131na kadar cam kullan\u0131labilmektedir. Farkl\u0131 renk se\u00e7enekleriyle alternatif dekorasyon imk\u00e2nlar\u0131 sunan seri, enerji verimlili\u011fi ve konforlu ya\u015fam aras\u0131nda bir denge kurmaktad\u0131r.<\/p>\n\n\n\n<p>Yeni s\u00fcrme kap\u0131 ve pencere sisteminin tasar\u0131m tescil ba\u015fvurular\u0131 da T\u00fcrk Patent Enstit\u00fcs\u00fc&#8217;ne yap\u0131lm\u0131\u015ft\u0131r.<\/p>\n\n\n\n<h3>Teknik \u00d6zellikler<img decoding=\"async\" src=\"https:\/\/www.egepen.com.tr\/images\/legend-surme.jpg\"><\/h3>\n\n\n\n<figure class=\"wp-block-table alignleft\"><table><tbody><tr><td><strong>Conta<\/strong><\/td><td><strong>:<\/strong>&nbsp;TPE Gri \/ Siyah<\/td><\/tr><tr><td><strong>\u00c7\u0131ta<\/strong><\/td><td><strong>:<\/strong>&nbsp;Tek T\u0131rnakl\u0131 &#8211; PCE Contal\u0131<\/td><\/tr><tr><td><strong>Cam Kal\u0131nl\u0131klar\u0131<\/strong><\/td><td><strong>:<\/strong>&nbsp;24,30,36,44,52 mm<\/td><\/tr><tr><td><strong>A\u00e7\u0131l\u0131m Se\u00e7enekleri<\/strong><\/td><td><strong>:<\/strong>&nbsp;Sabit B\u00f6lmeli S\u00fcrme Uygulamas\u0131<\/td><\/tr><tr><td><strong>S\u0131n\u0131f<\/strong><\/td><td><strong>:<\/strong>&nbsp;TS EN 12608-1 B S\u0131n\u0131f\u0131<\/td><\/tr><tr><td><strong>Is\u0131 \u0130letkenlik Katsay\u0131s\u0131<\/strong><\/td><td><strong>:<\/strong>&nbsp;Uf: 1.4 W\/m2K<\/td><\/tr><\/tbody><\/table><\/figure>\n\n\n\n<h3>Legend S\u00fcrme Bro\u015f\u00fcr<\/h3>\n\n\n\n<ul><li><a href=\"https:\/\/www.egepen.com.tr\/egepenTemp\/df906af4-813a-4cbe-8244-2d79d25172cd.pdf\" target=\"_blank\" rel=\"noreferrer noopener\">Legend S\u00fcrme<\/a><\/li><\/ul>\n\n\n\n<figure class=\"is-layout-flex wp-block-gallery-1 wp-block-gallery columns-3 is-cropped\"><ul class=\"blocks-gallery-grid\"><li class=\"blocks-gallery-item\"><figure><img decoding=\"async\" loading=\"lazy\" width=\"600\" height=\"400\" src=\"http:\/\/www.farkpen.com\/wp-content\/uploads\/2020\/06\/sm_crp_8c3baa7e-f1b9-4981-9d1e-7a13ec0e2c24.jpg\" alt=\"\" data-id=\"503\" data-full-url=\"http:\/\/www.farkpen.com\/wp-content\/uploads\/2020\/06\/sm_crp_8c3baa7e-f1b9-4981-9d1e-7a13ec0e2c24.jpg\" data-link=\"http:\/\/www.farkpen.com\/index.php\/legend-pvc-surme-sistemleri\/sm_crp_8c3baa7e-f1b9-4981-9d1e-7a13ec0e2c24\/\" class=\"wp-image-503\" srcset=\"http:\/\/www.farkpen.com\/wp-content\/uploads\/2020\/06\/sm_crp_8c3baa7e-f1b9-4981-9d1e-7a13ec0e2c24.jpg 600w, http:\/\/www.farkpen.com\/wp-content\/uploads\/2020\/06\/sm_crp_8c3baa7e-f1b9-4981-9d1e-7a13ec0e2c24-300x200.jpg 300w\" sizes=\"(max-width: 600px) 100vw, 600px\" \/><\/figure><\/li><li class=\"blocks-gallery-item\"><figure><img decoding=\"async\" loading=\"lazy\" width=\"600\" height=\"400\" src=\"http:\/\/www.farkpen.com\/wp-content\/uploads\/2020\/06\/sm_crp_76eeb90a-1c93-4851-aaa9-014da9452d24.jpg\" alt=\"\" data-id=\"504\" data-full-url=\"http:\/\/www.farkpen.com\/wp-content\/uploads\/2020\/06\/sm_crp_76eeb90a-1c93-4851-aaa9-014da9452d24.jpg\" data-link=\"http:\/\/www.farkpen.com\/index.php\/legend-pvc-surme-sistemleri\/sm_crp_76eeb90a-1c93-4851-aaa9-014da9452d24\/\" class=\"wp-image-504\" srcset=\"http:\/\/www.farkpen.com\/wp-content\/uploads\/2020\/06\/sm_crp_76eeb90a-1c93-4851-aaa9-014da9452d24.jpg 600w, http:\/\/www.farkpen.com\/wp-content\/uploads\/2020\/06\/sm_crp_76eeb90a-1c93-4851-aaa9-014da9452d24-300x200.jpg 300w\" sizes=\"(max-width: 600px) 100vw, 600px\" \/><\/figure><\/li><li class=\"blocks-gallery-item\"><figure><img decoding=\"async\" loading=\"lazy\" width=\"600\" height=\"400\" src=\"http:\/\/www.farkpen.com\/wp-content\/uploads\/2020\/06\/sm_crp_b8d87ab0-2790-4d40-a700-ab0fa08eeab0.jpg\" alt=\"\" data-id=\"505\" data-full-url=\"http:\/\/www.farkpen.com\/wp-content\/uploads\/2020\/06\/sm_crp_b8d87ab0-2790-4d40-a700-ab0fa08eeab0.jpg\" data-link=\"http:\/\/www.farkpen.com\/index.php\/legend-pvc-surme-sistemleri\/sm_crp_b8d87ab0-2790-4d40-a700-ab0fa08eeab0\/\" class=\"wp-image-505\" srcset=\"http:\/\/www.farkpen.com\/wp-content\/uploads\/2020\/06\/sm_crp_b8d87ab0-2790-4d40-a700-ab0fa08eeab0.jpg 600w, http:\/\/www.farkpen.com\/wp-content\/uploads\/2020\/06\/sm_crp_b8d87ab0-2790-4d40-a700-ab0fa08eeab0-300x200.jpg 300w\" sizes=\"(max-width: 600px) 100vw, 600px\" \/><\/figure><\/li><\/ul><\/figure>\n","protected":false},"excerpt":{"rendered":"<p>Genel \u00d6zellikler Deceuninck&nbsp;Yeni Legend S\u00fcrme Kap\u0131 ve Pencere Sistemi&nbsp;ile ses ve hava yal\u0131t\u0131m\u0131nda \u00fcst d\u00fczey bir performans sunuyor. K\u0131\u015f\u0131n so\u011fuk,<\/p>\n","protected":false},"author":1,"featured_media":0,"parent":0,"menu_order":0,"comment_status":"closed","ping_status":"closed","template":"","meta":[],"_links":{"self":[{"href":"http:\/\/www.farkpen.com\/index.php\/wp-json\/wp\/v2\/pages\/501"}],"collection":[{"href":"http:\/\/www.farkpen.com\/index.php\/wp-json\/wp\/v2\/pages"}],"about":[{"href":"http:\/\/www.farkpen.com\/index.php\/wp-json\/wp\/v2\/types\/page"}],"author":[{"embeddable":true,"href":"http:\/\/www.farkpen.com\/index.php\/wp-json\/wp\/v2\/users\/1"}],"replies":[{"embeddable":true,"href":"http:\/\/www.farkpen.com\/index.php\/wp-json\/wp\/v2\/comments?post=501"}],"version-history":[{"count":2,"href":"http:\/\/www.farkpen.com\/index.php\/wp-json\/wp\/v2\/pages\/501\/revisions"}],"predecessor-version":[{"id":506,"href":"http:\/\/www.farkpen.com\/index.php\/wp-json\/wp\/v2\/pages\/501\/revisions\/506"}],"wp:attachment":[{"href":"http:\/\/www.farkpen.com\/index.php\/wp-json\/wp\/v2\/media?parent=501"}],"curies":[{"name":"wp","href":"https:\/\/api.w.org\/{rel}","templated":true}]}}