{"id":493,"date":"2020-06-21T13:51:26","date_gmt":"2020-06-21T13:51:26","guid":{"rendered":"http:\/\/www.farkpen.com\/?page_id=493"},"modified":"2020-06-21T13:51:28","modified_gmt":"2020-06-21T13:51:28","slug":"pvc-surme-sistemleri","status":"publish","type":"page","link":"http:\/\/www.farkpen.com\/index.php\/pvc-surme-sistemleri\/","title":{"rendered":"PVC S\u00dcRME S\u0130STEMLER\u0130"},"content":{"rendered":"\n<div class=\"is-layout-flow wp-block-group\"><div class=\"wp-block-group__inner-container\">\n<div class=\"is-layout-flow wp-block-group\"><div class=\"wp-block-group__inner-container\">\n<div class=\"is-layout-flow wp-block-group\"><div class=\"wp-block-group__inner-container\">\n<div class=\"wp-block-media-text alignwide is-stacked-on-mobile\"><figure class=\"wp-block-media-text__media\"><img decoding=\"async\" loading=\"lazy\" width=\"394\" height=\"260\" src=\"http:\/\/www.farkpen.com\/wp-content\/uploads\/2020\/06\/legend-s\u00fcrme-2.jpg\" alt=\"\" class=\"wp-image-497\" srcset=\"http:\/\/www.farkpen.com\/wp-content\/uploads\/2020\/06\/legend-s\u00fcrme-2.jpg 394w, http:\/\/www.farkpen.com\/wp-content\/uploads\/2020\/06\/legend-s\u00fcrme-2-300x198.jpg 300w, http:\/\/www.farkpen.com\/wp-content\/uploads\/2020\/06\/legend-s\u00fcrme-2-392x260.jpg 392w\" sizes=\"(max-width: 394px) 100vw, 394px\" \/><\/figure><div class=\"wp-block-media-text__content\">\n<p class=\"has-text-color has-text-align-left has-medium-font-size has-vivid-cyan-blue-color\">Legend S\u00fcrme Sistemi<\/p>\n\n\n\n<p style=\"font-size:18px\" class=\"has-text-color has-text-align-left has-very-dark-gray-color\">M\u00fckemmel tasar\u0131m, kolay kullan\u0131m&#8230;<\/p>\n\n\n\n<p style=\"font-size:15px\" class=\"has-text-color has-text-align-left has-very-dark-gray-color\">Deceuninck Yeni Legend S\u00fcrme Kap\u0131 ve Pencere Sistemleri ile Ses ve hava yal\u0131t\u0131m\u0131nda \u00fcst d\u00fczey bir performans sunuyor&#8230;<\/p>\n<\/div><\/div>\n<\/div><\/div>\n<\/div><\/div>\n<\/div><\/div>\n\n\n\n<div class=\"wp-block-media-text alignwide is-stacked-on-mobile\"><figure class=\"wp-block-media-text__media\"><img decoding=\"async\" loading=\"lazy\" width=\"391\" height=\"264\" src=\"http:\/\/www.farkpen.com\/wp-content\/uploads\/2020\/06\/hs76-s\u00fcrme.jpg\" alt=\"\" class=\"wp-image-498\" srcset=\"http:\/\/www.farkpen.com\/wp-content\/uploads\/2020\/06\/hs76-s\u00fcrme.jpg 391w, http:\/\/www.farkpen.com\/wp-content\/uploads\/2020\/06\/hs76-s\u00fcrme-300x203.jpg 300w\" sizes=\"(max-width: 391px) 100vw, 391px\" \/><\/figure><div class=\"wp-block-media-text__content\">\n<p style=\"font-size:21px\" class=\"has-text-color has-vivid-cyan-blue-color\">HS76 S\u00fcrme Sistemi<\/p>\n\n\n\n<p style=\"font-size:18px\" class=\"has-text-color has-very-dark-gray-color\">B\u0131rak\u0131n, g\u00f6r\u00fc\u015f a\u00e7\u0131n\u0131z daha da geni\u015flesin&#8230;<\/p>\n\n\n\n<p style=\"font-size:15px\" class=\"has-text-color has-very-dark-gray-color\">Geni\u015f bir g\u00f6r\u00fc\u015f a\u00e7\u0131s\u0131 sa\u011flayarak, teras, balkon ve bah\u00e7elerinize a\u00e7\u0131lan kap\u0131lar\u0131n\u0131z\u0131 manzaran\u0131z\u0131 b\u00f6lmeden d\u0131\u015f d\u00fcnya ile birle\u015ftirebilir, tek hamle ile hi\u00e7 zorlanmadan a\u00e7\u0131p kapatabilirsiniz&#8230;<\/p>\n<\/div><\/div>\n\n\n\n<div class=\"wp-block-media-text alignwide is-stacked-on-mobile\"><figure class=\"wp-block-media-text__media\"><img decoding=\"async\" loading=\"lazy\" width=\"391\" height=\"263\" src=\"http:\/\/www.farkpen.com\/wp-content\/uploads\/2020\/06\/s\u00fcrme-sistemi.jpg\" alt=\"\" class=\"wp-image-499\" srcset=\"http:\/\/www.farkpen.com\/wp-content\/uploads\/2020\/06\/s\u00fcrme-sistemi.jpg 391w, http:\/\/www.farkpen.com\/wp-content\/uploads\/2020\/06\/s\u00fcrme-sistemi-300x202.jpg 300w\" sizes=\"(max-width: 391px) 100vw, 391px\" \/><\/figure><div class=\"wp-block-media-text__content\">\n<p style=\"font-size:21px\" class=\"has-text-color has-vivid-cyan-blue-color\">S\u00fcrme Sistemi<\/p>\n\n\n\n<p style=\"font-size:18px\" class=\"has-text-color has-very-dark-gray-color\">B\u0131rak\u0131n, g\u00f6r\u00fc\u015f a\u00e7\u0131n\u0131z daha da geni\u015flesin&#8230;<\/p>\n\n\n\n<p style=\"font-size:15px\" class=\"has-text-color has-very-dark-gray-color\">PVC S\u00fcrme Kap\u0131 ve Pencere Sistemleri geni\u015f bir g\u00f6r\u00fc\u015f a\u00e7\u0131s\u0131 sa\u011flayarak, teras, balkon ve bah\u00e7elerinize a\u00e7\u0131lan kap\u0131lar\u0131n\u0131z\u0131 manzaran\u0131z\u0131 b\u00f6lmeden d\u0131\u015f d\u00fcnya ile birle\u015ftirebilir, tek hamle ile hi\u00e7 zorlanmadan a\u00e7\u0131p kapatabilirsiniz&#8230;<\/p>\n<\/div><\/div>\n\n\n\n<p><\/p>\n","protected":false},"excerpt":{"rendered":"<p>Legend S\u00fcrme Sistemi M\u00fckemmel tasar\u0131m, kolay kullan\u0131m&#8230; Deceuninck Yeni Legend S\u00fcrme Kap\u0131 ve Pencere Sistemleri ile Ses ve hava yal\u0131t\u0131m\u0131nda<\/p>\n","protected":false},"author":1,"featured_media":0,"parent":0,"menu_order":0,"comment_status":"closed","ping_status":"closed","template":"","meta":[],"_links":{"self":[{"href":"http:\/\/www.farkpen.com\/index.php\/wp-json\/wp\/v2\/pages\/493"}],"collection":[{"href":"http:\/\/www.farkpen.com\/index.php\/wp-json\/wp\/v2\/pages"}],"about":[{"href":"http:\/\/www.farkpen.com\/index.php\/wp-json\/wp\/v2\/types\/page"}],"author":[{"embeddable":true,"href":"http:\/\/www.farkpen.com\/index.php\/wp-json\/wp\/v2\/users\/1"}],"replies":[{"embeddable":true,"href":"http:\/\/www.farkpen.com\/index.php\/wp-json\/wp\/v2\/comments?post=493"}],"version-history":[{"count":1,"href":"http:\/\/www.farkpen.com\/index.php\/wp-json\/wp\/v2\/pages\/493\/revisions"}],"predecessor-version":[{"id":500,"href":"http:\/\/www.farkpen.com\/index.php\/wp-json\/wp\/v2\/pages\/493\/revisions\/500"}],"wp:attachment":[{"href":"http:\/\/www.farkpen.com\/index.php\/wp-json\/wp\/v2\/media?parent=493"}],"curies":[{"name":"wp","href":"https:\/\/api.w.org\/{rel}","templated":true}]}}