{"id":488,"date":"2020-06-21T13:27:37","date_gmt":"2020-06-21T13:27:37","guid":{"rendered":"http:\/\/www.farkpen.com\/?page_id=488"},"modified":"2020-06-21T13:27:40","modified_gmt":"2020-06-21T13:27:40","slug":"everest-max-pvc-kapi-sistemleri","status":"publish","type":"page","link":"http:\/\/www.farkpen.com\/index.php\/everest-max-pvc-kapi-sistemleri\/","title":{"rendered":"EVEREST MAX PVC KAPI S\u0130STEMLER\u0130"},"content":{"rendered":"\n<h3>Genel \u00d6zellikler<\/h3>\n\n\n\n<p><em><strong>Everest Max PVC Kap\u0131 Sistemi<\/strong><\/em>, 60 mm geni\u015fli\u011finde olup, 4 odac\u0131kl\u0131 ve 2 contal\u0131 olarak tasarlanm\u0131\u015ft\u0131r. TPE conta kullan\u0131m\u0131 ile sisteme k\u00f6\u015felerde kaynaklana\u00adbilme \u00f6zelli\u011fi kazand\u0131r\u0131lm\u0131\u015f, dolay\u0131s\u0131 ile g\u00fc\u00e7l\u00fc s\u0131z\u00add\u0131rmazl\u0131k sa\u011flanm\u0131\u015ft\u0131r.<\/p>\n\n\n\n<h3>Teknik \u00d6zellikler<img decoding=\"async\" src=\"https:\/\/www.egepen.com.tr\/images\/everest-max.jpg\"><\/h3>\n\n\n\n<figure class=\"wp-block-table alignleft\"><table><tbody><tr><td><strong>Profil Geni\u015fli\u011fi<\/strong><\/td><td><strong>:<\/strong>&nbsp;60 mm<\/td><\/tr><tr><td><strong>Odac\u0131k Say\u0131s\u0131<\/strong><\/td><td><strong>:<\/strong>&nbsp;4<\/td><\/tr><tr><td><strong>Conta Say\u0131s\u0131<\/strong><\/td><td><strong>:<\/strong>&nbsp;2 (Orta Contal\u0131)<\/td><\/tr><tr><td><strong>Conta<\/strong><\/td><td><strong>:<\/strong>&nbsp;TPE Gri \/ Siyah<\/td><\/tr><tr><td><strong>\u00c7\u0131ta<\/strong><\/td><td><strong>:<\/strong>&nbsp;Tek T\u0131rnakl\u0131 &#8211; PCE Contal\u0131<\/td><\/tr><tr><td><strong>Cam Kal\u0131nl\u0131klar\u0131<\/strong><\/td><td><strong>:<\/strong>&nbsp;4, 20, 24, 30, 36 mm<\/td><\/tr><tr><td><strong>Standart<\/strong><\/td><td><strong>:<\/strong>&nbsp;TS EN 12608-1 B S\u0131n\u0131f\u0131<\/td><\/tr><tr><td><strong>Is\u0131 \u0130letkenlik Kat Say\u0131s\u0131<\/strong><\/td><td><strong>:<\/strong>&nbsp;Uf: 1.5 W\/m2K<\/td><\/tr><\/tbody><\/table><\/figure>\n\n\n\n<h3>Everest Max Bro\u015f\u00fcr<\/h3>\n\n\n\n<ul><li><a href=\"https:\/\/www.egepen.com.tr\/egepenTemp\/eed7fa73-09df-4f3d-a1c5-1c40ee32b807.pdf\" target=\"_blank\" rel=\"noreferrer noopener\">Everest Bro\u015f\u00fcr<\/a><\/li><\/ul>\n\n\n\n<figure class=\"wp-block-image size-large\"><img decoding=\"async\" src=\"https:\/\/www.egepen.com.tr\/egepenTemp\/everest_b.jpg\" alt=\"\"\/><\/figure>\n\n\n\n<figure class=\"is-layout-flex wp-block-gallery-1 wp-block-gallery columns-3 is-cropped\"><ul class=\"blocks-gallery-grid\"><li class=\"blocks-gallery-item\"><figure><img decoding=\"async\" loading=\"lazy\" width=\"600\" height=\"400\" src=\"http:\/\/www.farkpen.com\/wp-content\/uploads\/2020\/06\/sm_crp_1dd2dcaa-3bb2-4c36-9af7-e0a6ffa2fc47.jpg\" alt=\"\" data-id=\"489\" data-full-url=\"http:\/\/www.farkpen.com\/wp-content\/uploads\/2020\/06\/sm_crp_1dd2dcaa-3bb2-4c36-9af7-e0a6ffa2fc47.jpg\" data-link=\"http:\/\/www.farkpen.com\/?attachment_id=489\" class=\"wp-image-489\" srcset=\"http:\/\/www.farkpen.com\/wp-content\/uploads\/2020\/06\/sm_crp_1dd2dcaa-3bb2-4c36-9af7-e0a6ffa2fc47.jpg 600w, http:\/\/www.farkpen.com\/wp-content\/uploads\/2020\/06\/sm_crp_1dd2dcaa-3bb2-4c36-9af7-e0a6ffa2fc47-300x200.jpg 300w\" sizes=\"(max-width: 600px) 100vw, 600px\" \/><\/figure><\/li><li class=\"blocks-gallery-item\"><figure><img decoding=\"async\" loading=\"lazy\" width=\"600\" height=\"400\" src=\"http:\/\/www.farkpen.com\/wp-content\/uploads\/2020\/06\/sm_crp_cb2b9b0a-bce2-4fd2-9274-3225d3bc4795.jpg\" alt=\"\" data-id=\"490\" data-full-url=\"http:\/\/www.farkpen.com\/wp-content\/uploads\/2020\/06\/sm_crp_cb2b9b0a-bce2-4fd2-9274-3225d3bc4795.jpg\" data-link=\"http:\/\/www.farkpen.com\/?attachment_id=490\" class=\"wp-image-490\" srcset=\"http:\/\/www.farkpen.com\/wp-content\/uploads\/2020\/06\/sm_crp_cb2b9b0a-bce2-4fd2-9274-3225d3bc4795.jpg 600w, http:\/\/www.farkpen.com\/wp-content\/uploads\/2020\/06\/sm_crp_cb2b9b0a-bce2-4fd2-9274-3225d3bc4795-300x200.jpg 300w\" sizes=\"(max-width: 600px) 100vw, 600px\" \/><\/figure><\/li><li class=\"blocks-gallery-item\"><figure><img decoding=\"async\" loading=\"lazy\" width=\"600\" height=\"400\" src=\"http:\/\/www.farkpen.com\/wp-content\/uploads\/2020\/06\/sm_crp_f49bed63-33e8-45bf-9915-d731ad604ab7.jpg\" alt=\"\" data-id=\"491\" data-full-url=\"http:\/\/www.farkpen.com\/wp-content\/uploads\/2020\/06\/sm_crp_f49bed63-33e8-45bf-9915-d731ad604ab7.jpg\" data-link=\"http:\/\/www.farkpen.com\/?attachment_id=491\" class=\"wp-image-491\" srcset=\"http:\/\/www.farkpen.com\/wp-content\/uploads\/2020\/06\/sm_crp_f49bed63-33e8-45bf-9915-d731ad604ab7.jpg 600w, http:\/\/www.farkpen.com\/wp-content\/uploads\/2020\/06\/sm_crp_f49bed63-33e8-45bf-9915-d731ad604ab7-300x200.jpg 300w\" sizes=\"(max-width: 600px) 100vw, 600px\" \/><\/figure><\/li><\/ul><\/figure>\n","protected":false},"excerpt":{"rendered":"<p>Genel \u00d6zellikler Everest Max PVC Kap\u0131 Sistemi, 60 mm geni\u015fli\u011finde olup, 4 odac\u0131kl\u0131 ve 2 contal\u0131 olarak tasarlanm\u0131\u015ft\u0131r. TPE conta<\/p>\n","protected":false},"author":1,"featured_media":0,"parent":0,"menu_order":0,"comment_status":"closed","ping_status":"closed","template":"","meta":[],"_links":{"self":[{"href":"http:\/\/www.farkpen.com\/index.php\/wp-json\/wp\/v2\/pages\/488"}],"collection":[{"href":"http:\/\/www.farkpen.com\/index.php\/wp-json\/wp\/v2\/pages"}],"about":[{"href":"http:\/\/www.farkpen.com\/index.php\/wp-json\/wp\/v2\/types\/page"}],"author":[{"embeddable":true,"href":"http:\/\/www.farkpen.com\/index.php\/wp-json\/wp\/v2\/users\/1"}],"replies":[{"embeddable":true,"href":"http:\/\/www.farkpen.com\/index.php\/wp-json\/wp\/v2\/comments?post=488"}],"version-history":[{"count":1,"href":"http:\/\/www.farkpen.com\/index.php\/wp-json\/wp\/v2\/pages\/488\/revisions"}],"predecessor-version":[{"id":492,"href":"http:\/\/www.farkpen.com\/index.php\/wp-json\/wp\/v2\/pages\/488\/revisions\/492"}],"wp:attachment":[{"href":"http:\/\/www.farkpen.com\/index.php\/wp-json\/wp\/v2\/media?parent=488"}],"curies":[{"name":"wp","href":"https:\/\/api.w.org\/{rel}","templated":true}]}}