{"id":480,"date":"2020-06-21T13:21:30","date_gmt":"2020-06-21T13:21:30","guid":{"rendered":"http:\/\/www.farkpen.com\/?page_id=480"},"modified":"2020-06-21T13:21:32","modified_gmt":"2020-06-21T13:21:32","slug":"zendow-deluxe-pvc-kapi-sistemleri","status":"publish","type":"page","link":"http:\/\/www.farkpen.com\/index.php\/zendow-deluxe-pvc-kapi-sistemleri\/","title":{"rendered":"ZENDOW DELUXE PVC KAPI S\u0130STEMLER\u0130"},"content":{"rendered":"\n<h3>Genel \u00d6zellikler<\/h3>\n\n\n\n<p><em><strong>Z<\/strong><\/em><em><strong>endow Deluxe PVC Kap\u0131 Sistemi<\/strong><\/em>, m\u00fckemmel tasar\u0131m ve esteti\u011fi sayesinde mekanlar\u0131n\u0131z\u0131n tarz\u0131na kolayca uyum sa\u011flar. Sistem, en ince ayr\u0131nt\u0131s\u0131na kadar uyum i\u00e7in d\u00fc\u015f\u00fcn\u00fcl\u00adm\u00fc\u015ft\u00fcr.<\/p>\n\n\n\n<h3>Teknik \u00d6zellikler<img decoding=\"async\" src=\"https:\/\/www.egepen.com.tr\/images\/zendow-deluxe.jpg\"><\/h3>\n\n\n\n<figure class=\"wp-block-table alignleft\"><table><tbody><tr><td><strong>Profil Geni\u015fli\u011fi<\/strong><\/td><td><strong>:<\/strong>&nbsp;70 mm<\/td><\/tr><tr><td><strong>Odac\u0131k Say\u0131s\u0131<\/strong><\/td><td><strong>:<\/strong>&nbsp;5<\/td><\/tr><tr><td><strong>Conta Say\u0131s\u0131<\/strong><\/td><td><strong>:<\/strong>&nbsp;2 (Orta Contal\u0131)<\/td><\/tr><tr><td><strong>Conta<\/strong><\/td><td><strong>:<\/strong>&nbsp;TPE Gri \/ Siyah<\/td><\/tr><tr><td><strong>\u00c7\u0131ta<\/strong><\/td><td><strong>:<\/strong>&nbsp;Tek T\u0131rnakl\u0131 &#8211; PCE Contal\u0131<\/td><\/tr><tr><td><strong>Cam Kal\u0131nl\u0131klar\u0131<\/strong><\/td><td><strong>:<\/strong>&nbsp;4, 20, 24, 30, 36, 44 mm<\/td><\/tr><tr><td><strong>Standart<\/strong><\/td><td><strong>:<\/strong>&nbsp;TS EN 12608-1 B S\u0131n\u0131f\u0131<\/td><\/tr><tr><td><strong>Is\u0131 \u0130letkenlik Kat Say\u0131s\u0131<\/strong><\/td><td><strong>:<\/strong>&nbsp;Uf: Uf: 1.3 W\/m2K (orta contal\u0131) Uf: 1.4 W\/m2K<\/td><\/tr><\/tbody><\/table><\/figure>\n\n\n\n<h3>Zendow Deluxe Bro\u015f\u00fcr<\/h3>\n\n\n\n<ul><li><a href=\"https:\/\/www.egepen.com.tr\/egepenTemp\/14133960-2709-4f56-90ea-c60f4dfdd7f0.pdf\" target=\"_blank\" rel=\"noreferrer noopener\">Zendow Deluxe<\/a><\/li><\/ul>\n\n\n\n<figure class=\"wp-block-image size-large\"><img decoding=\"async\" src=\"https:\/\/www.egepen.com.tr\/egepenTemp\/01_Zendow_Klasik-kasa-Kapi-75_HQ_k.jpg\" alt=\"\"\/><\/figure>\n","protected":false},"excerpt":{"rendered":"<p>Genel \u00d6zellikler Zendow Deluxe PVC Kap\u0131 Sistemi, m\u00fckemmel tasar\u0131m ve esteti\u011fi sayesinde mekanlar\u0131n\u0131z\u0131n tarz\u0131na kolayca uyum sa\u011flar. Sistem, en ince<\/p>\n","protected":false},"author":1,"featured_media":0,"parent":0,"menu_order":0,"comment_status":"closed","ping_status":"closed","template":"","meta":[],"_links":{"self":[{"href":"http:\/\/www.farkpen.com\/index.php\/wp-json\/wp\/v2\/pages\/480"}],"collection":[{"href":"http:\/\/www.farkpen.com\/index.php\/wp-json\/wp\/v2\/pages"}],"about":[{"href":"http:\/\/www.farkpen.com\/index.php\/wp-json\/wp\/v2\/types\/page"}],"author":[{"embeddable":true,"href":"http:\/\/www.farkpen.com\/index.php\/wp-json\/wp\/v2\/users\/1"}],"replies":[{"embeddable":true,"href":"http:\/\/www.farkpen.com\/index.php\/wp-json\/wp\/v2\/comments?post=480"}],"version-history":[{"count":1,"href":"http:\/\/www.farkpen.com\/index.php\/wp-json\/wp\/v2\/pages\/480\/revisions"}],"predecessor-version":[{"id":481,"href":"http:\/\/www.farkpen.com\/index.php\/wp-json\/wp\/v2\/pages\/480\/revisions\/481"}],"wp:attachment":[{"href":"http:\/\/www.farkpen.com\/index.php\/wp-json\/wp\/v2\/media?parent=480"}],"curies":[{"name":"wp","href":"https:\/\/api.w.org\/{rel}","templated":true}]}}