{"id":474,"date":"2020-06-21T13:16:20","date_gmt":"2020-06-21T13:16:20","guid":{"rendered":"http:\/\/www.farkpen.com\/?page_id=474"},"modified":"2020-06-21T13:16:22","modified_gmt":"2020-06-21T13:16:22","slug":"legend-pvc-kapi-sistemleri","status":"publish","type":"page","link":"http:\/\/www.farkpen.com\/index.php\/legend-pvc-kapi-sistemleri\/","title":{"rendered":"LEGEND PVC KAPI S\u0130STEMLER\u0130"},"content":{"rendered":"\n<h3>Genel \u00d6zellikler<\/h3>\n\n\n\n<p><strong>Legend PVC Kap\u0131 Sistemi<\/strong>, 80 mm oturma geni\u015fli\u011fine g\u00f6re, 6 odal\u0131 olarak tasarlanm\u0131\u015ft\u0131r. Sistemin tasar\u0131m\u0131nda \u00f6zellikle y\u00fcksek performans kriterleri g\u00f6z \u00f6n\u00fcnde bulun\u00addurularak, profiller en uygun yap\u0131 ta\u015flar\u0131n\u0131n bir araya getirilmesi ile olu\u015fturul\u00admu\u015ftur. Tasar\u0131m s\u00fcreci, profilin yan\u0131 s\u0131ra, pencere performans\u0131 olarak, yal\u0131tm (\u0131s\u0131 ve ses), mukavemet, s\u0131zd\u0131rmazl\u0131k \u00f6zellikleri b\u00fct\u00fcnsel olarak de\u011ferlendirilmi\u015ftir. Sistemdeki profiller, EN 12608-1 standard\u0131na uygun olarak \u00fcretilmektedir.<\/p>\n\n\n\n<p><strong>ISI YALITIMINDA Y\u00dcKSEK PERFORMANS:<\/strong><\/p>\n\n\n\n<p><strong><em>Legend PVC Kap\u0131 Sistemi<\/em><\/strong>, pencerenin mekan\u0131n\u0131za en iyi \u0131s\u0131 yal\u0131t\u0131m\u0131n\u0131 sa\u011flamas\u0131 amac\u0131, bir\u00e7ok \u00f6nemli yap\u0131 ta\u015f\u0131n\u0131 bir araya getirecek \u015fekilde tasarlanm\u0131\u015ft\u0131r. Sistemin, 80 mm platformunda olmas\u0131, 6 odac\u0131kl\u0131, 3 conta (orta conta) konseptleri bir araya getirilmesi ile daha d\u00fc\u015f\u00fck \u0131s\u0131 ve iletkenlik katsay\u0131s\u0131 (Uf) hedeflenmi\u015ftir. Legend Sistemi&#8217;ne ait Uf de\u011feri; 0.92 W\/m2K&#8217;dir. \u00d6zellikle sistemin 80 mm geni\u015flik \u00fczerinde yap\u0131land\u0131r\u0131lmas\u0131, 52 mm cam kal\u0131nl\u0131\u011f\u0131na sahip d\u00fc\u015f\u00fck Ug de\u011ferindeki &nbsp;\u00fc\u00e7l\u00fc cam uygulamalar\u0131na olanak sa\u011flamaktad\u0131r. B\u00f6ylelikle pencerenize ait \u0131s\u0131 iletkenlik de\u011feri, profil kesiti ve cama ait \u0131s\u0131l de\u011ferlerin bir araya gelmesi ile \u00fcst\u00fcn U pencere de\u011ferini olu\u015fturmaktad\u0131r.(*Uw:0.78 W\/m2K)&nbsp;&nbsp;<\/p>\n\n\n\n<p><strong>STAT\u0130K G\u00dc\u00c7:<\/strong><\/p>\n\n\n\n<p>Legend&nbsp;<em>PVC Kap\u0131 Sistemi<\/em>&#8216;nde yer alan profillerde yer alan destek saclar\u0131 y\u00fcksek statik de\u011ferlere sahiptir. B\u00f6ylelikle r\u00fczgar y\u00fck\u00fcn\u00fcn fazla oldu\u011fu b\u00f6lgelerde, yap\u0131lacak statik hesaplamalar\u0131 g\u00f6z \u00f6n\u00fcnde bulundurularak en uygun profil ve sac belir\u00adlenir. Saclar\u0131n statik y\u00f6nden y\u00fcksek mukavemete sahip olmas\u0131, sistemde daha geni\u015f ebatl\u0131 pencere yani g\u00f6r\u00fc\u015f alan\u0131n\u0131n art\u0131nlmas\u0131n\u0131 sa\u011flamaktadir.<\/p>\n\n\n\n<p><strong>\u00dcR\u00dcN \u00c7E\u015e\u0130TL\u0130L\u0130G\u0130:<\/strong><\/p>\n\n\n\n<p><em>PVC Kap\u0131 Sistemi<\/em>&nbsp;geni\u015f \u00fcr\u00fcn grubuna sahiptir. Standart kasa, pervazl\u0131 kasa, ortakay\u0131t, statik ortakay\u0131t, kanat ve damlal\u0131kl\u0131 kanat se\u00e7enekleri, i\u00e7e ve d\u0131\u015fa a\u00e7\u0131lan kap\u0131 kanat profilleri ve kanat adapt\u00f6r sistemde yer alacak ana profillerdir. Ayr\u0131ca, bir\u00e7ok \u00f6zellikli detaya da \u00e7\u00f6z\u00fcm olu\u015fturmak amac\u0131 ile zengin yard\u0131mc\u0131 profil grubu mevcuttur. 90 k\u00f6\u015fe d\u00f6n\u00fc\u015f, a\u00e7\u0131l\u0131 k\u00f6\u015fe d\u00f6n\u00fc\u015f, greyaj ve cephe profilleri, y\u00fckseltme, kasa uzatma, kapatma ve pervaz profilleri gibi &#8230;<\/p>\n\n\n\n<p><strong>CAM UYGULAMALARI<\/strong><\/p>\n\n\n\n<p><em>PVC Pencere ve kap\u0131larda<\/em>&nbsp;24, 30, 36, 44 ve 52 mm cam kal\u0131nl\u0131\u011f\u0131 uygulamalar\u0131 yap\u0131labil\u00admektedir.&nbsp;<strong>Legend PVC Kap\u0131 Sistemi<\/strong>, renk se\u00e7ene\u011fi konusunda da Egepen Deceuninck&#8217;in zengin renk alternatiflerinden yararlanarak her zevke uygun \u00e7\u00f6z\u00fcmler sunar.<\/p>\n\n\n\n<p>* Upencere de\u011feri, IFT-Rosenheim&#8217;da do\u011frama i\u00e7in hesaplanan de\u011ferdir.<\/p>\n\n\n\n<h3>Teknik \u00d6zellikler<img decoding=\"async\" src=\"https:\/\/www.egepen.com.tr\/images\/legend.jpg\"><\/h3>\n\n\n\n<figure class=\"wp-block-table alignleft\"><table><tbody><tr><td><strong>Profil Geni\u015fli\u011fi<\/strong><\/td><td><strong>:<\/strong>&nbsp;80 mm<\/td><\/tr><tr><td><strong>Odac\u0131k Say\u0131s\u0131<\/strong><\/td><td><strong>:<\/strong>&nbsp;6<\/td><\/tr><tr><td><strong>Conta Say\u0131s\u0131<\/strong><\/td><td><strong>:<\/strong>&nbsp;3 (Orta Contal\u0131)<\/td><\/tr><tr><td><strong>Conta<\/strong><\/td><td><strong>:<\/strong>&nbsp;TPE Gri \/ Siyah<\/td><\/tr><tr><td><strong>\u00c7\u0131ta<\/strong><\/td><td><strong>:<\/strong>&nbsp;Tek T\u0131rnakl\u0131 &#8211; PCE Contal\u0131<\/td><\/tr><tr><td><strong>Cam Kal\u0131nl\u0131klar\u0131<\/strong><\/td><td><strong>:<\/strong>&nbsp;24,30,36,44,52 mm<\/td><\/tr><tr><td><strong>Standart<\/strong><\/td><td><strong>:<\/strong>&nbsp;EN 12608-1 S\u0131n\u0131f\u0131<\/td><\/tr><tr><td><strong>Is\u0131 \u0130letkenlik Kat Say\u0131s\u0131<\/strong><\/td><td><strong>:<\/strong>&nbsp;Uf: 0.92 W\/m\u00b2K<\/td><\/tr><\/tbody><\/table><\/figure>\n\n\n\n<h3>Legend Bro\u015f\u00fcr<\/h3>\n\n\n\n<ul><li><a href=\"https:\/\/www.egepen.com.tr\/egepenTemp\/ae8a5f22-1a74-4f85-a7f5-53ae3c575638.pdf\" target=\"_blank\" rel=\"noreferrer noopener\">Legend Bro\u015f\u00fcr<\/a><\/li><\/ul>\n\n\n\n<figure class=\"wp-block-image size-large\"><img decoding=\"async\" src=\"https:\/\/www.egepen.com.tr\/egepenTemp\/legend_b.jpg\" alt=\"\"\/><\/figure>\n","protected":false},"excerpt":{"rendered":"<p>Genel \u00d6zellikler Legend PVC Kap\u0131 Sistemi, 80 mm oturma geni\u015fli\u011fine g\u00f6re, 6 odal\u0131 olarak tasarlanm\u0131\u015ft\u0131r. Sistemin tasar\u0131m\u0131nda \u00f6zellikle y\u00fcksek performans<\/p>\n","protected":false},"author":1,"featured_media":0,"parent":0,"menu_order":0,"comment_status":"closed","ping_status":"closed","template":"","meta":[],"_links":{"self":[{"href":"http:\/\/www.farkpen.com\/index.php\/wp-json\/wp\/v2\/pages\/474"}],"collection":[{"href":"http:\/\/www.farkpen.com\/index.php\/wp-json\/wp\/v2\/pages"}],"about":[{"href":"http:\/\/www.farkpen.com\/index.php\/wp-json\/wp\/v2\/types\/page"}],"author":[{"embeddable":true,"href":"http:\/\/www.farkpen.com\/index.php\/wp-json\/wp\/v2\/users\/1"}],"replies":[{"embeddable":true,"href":"http:\/\/www.farkpen.com\/index.php\/wp-json\/wp\/v2\/comments?post=474"}],"version-history":[{"count":1,"href":"http:\/\/www.farkpen.com\/index.php\/wp-json\/wp\/v2\/pages\/474\/revisions"}],"predecessor-version":[{"id":475,"href":"http:\/\/www.farkpen.com\/index.php\/wp-json\/wp\/v2\/pages\/474\/revisions\/475"}],"wp:attachment":[{"href":"http:\/\/www.farkpen.com\/index.php\/wp-json\/wp\/v2\/media?parent=474"}],"curies":[{"name":"wp","href":"https:\/\/api.w.org\/{rel}","templated":true}]}}