{"id":462,"date":"2020-06-21T13:14:01","date_gmt":"2020-06-21T13:14:01","guid":{"rendered":"http:\/\/www.farkpen.com\/?page_id=462"},"modified":"2020-06-21T13:14:04","modified_gmt":"2020-06-21T13:14:04","slug":"pvc-kapi-sistemleri","status":"publish","type":"page","link":"http:\/\/www.farkpen.com\/index.php\/pvc-kapi-sistemleri\/","title":{"rendered":"PVC KAPI S\u0130STEMLER\u0130"},"content":{"rendered":"\n<figure class=\"is-layout-flex wp-block-gallery-1 wp-block-gallery columns-2 is-cropped\"><ul class=\"blocks-gallery-grid\"><li class=\"blocks-gallery-item\"><figure><img decoding=\"async\" loading=\"lazy\" width=\"396\" height=\"260\" src=\"http:\/\/www.farkpen.com\/wp-content\/uploads\/2020\/06\/LEGENDKAPI.jpg\" alt=\"\" data-id=\"463\" data-link=\"http:\/\/www.farkpen.com\/?attachment_id=463\" class=\"wp-image-463\" srcset=\"http:\/\/www.farkpen.com\/wp-content\/uploads\/2020\/06\/LEGENDKAPI.jpg 396w, http:\/\/www.farkpen.com\/wp-content\/uploads\/2020\/06\/LEGENDKAPI-300x197.jpg 300w\" sizes=\"(max-width: 396px) 100vw, 396px\" \/><figcaption class=\"blocks-gallery-item__caption\">Legend PVC Kap\u0131 Sistemi, y\u00fcksek performans kriterleri g\u00f6z \u00f6n\u00fcnde bulundurarak, muhte\u015fem \u0131s\u0131 ve ses yal\u0131t\u0131m\u0131 i\u00e7in \u00f6zel olarak tasarlanm\u0131\u015ft\u0131r&#8230;<\/figcaption><\/figure><\/li><li class=\"blocks-gallery-item\"><figure><img decoding=\"async\" loading=\"lazy\" width=\"388\" height=\"266\" src=\"http:\/\/www.farkpen.com\/wp-content\/uploads\/2020\/06\/zendow-kap\u0131.jpg\" alt=\"\" data-id=\"464\" data-link=\"http:\/\/www.farkpen.com\/?attachment_id=464\" class=\"wp-image-464\" srcset=\"http:\/\/www.farkpen.com\/wp-content\/uploads\/2020\/06\/zendow-kap\u0131.jpg 388w, http:\/\/www.farkpen.com\/wp-content\/uploads\/2020\/06\/zendow-kap\u0131-300x206.jpg 300w, http:\/\/www.farkpen.com\/wp-content\/uploads\/2020\/06\/zendow-kap\u0131-130x90.jpg 130w\" sizes=\"(max-width: 388px) 100vw, 388px\" \/><figcaption class=\"blocks-gallery-item__caption\">Zendow PVC Kap\u0131 Sistemi, mekanlar\u0131n\u0131z\u0131n hem mimarisiyle hem de dekorasyonuyla m\u00fckemmel uyum sa\u011flar&#8230;<\/figcaption><\/figure><\/li><li class=\"blocks-gallery-item\"><figure><img decoding=\"async\" loading=\"lazy\" width=\"388\" height=\"261\" src=\"http:\/\/www.farkpen.com\/wp-content\/uploads\/2020\/06\/zendow-plus.jpg\" alt=\"\" data-id=\"465\" data-link=\"http:\/\/www.farkpen.com\/?attachment_id=465\" class=\"wp-image-465\" srcset=\"http:\/\/www.farkpen.com\/wp-content\/uploads\/2020\/06\/zendow-plus.jpg 388w, http:\/\/www.farkpen.com\/wp-content\/uploads\/2020\/06\/zendow-plus-300x202.jpg 300w\" sizes=\"(max-width: 388px) 100vw, 388px\" \/><figcaption class=\"blocks-gallery-item__caption\">Zendow Plus PVC Kap\u0131 Sistemi m\u00fckemmel tasar\u0131m ve esteti\u011fi sayesinde mekanlar\u0131n\u0131z\u0131n tarz\u0131na kolayca uyum sa\u011flar. Sistem en ince ayr\u0131nt\u0131s\u0131na kadar uyum i\u00e7in d\u00fc\u015f\u00fcn\u00fclm\u00fc\u015ft\u00fcr&#8230;<\/figcaption><\/figure><\/li><li class=\"blocks-gallery-item\"><figure><img decoding=\"async\" loading=\"lazy\" width=\"390\" height=\"262\" src=\"http:\/\/www.farkpen.com\/wp-content\/uploads\/2020\/06\/zendow-deluxekap\u0131.jpg\" alt=\"\" data-id=\"469\" data-link=\"http:\/\/www.farkpen.com\/?attachment_id=469\" class=\"wp-image-469\" srcset=\"http:\/\/www.farkpen.com\/wp-content\/uploads\/2020\/06\/zendow-deluxekap\u0131.jpg 390w, http:\/\/www.farkpen.com\/wp-content\/uploads\/2020\/06\/zendow-deluxekap\u0131-300x202.jpg 300w\" sizes=\"(max-width: 390px) 100vw, 390px\" \/><figcaption class=\"blocks-gallery-item__caption\">Zendow Deluxe PVC Kap\u0131 Sistemi y\u00fcksek yal\u0131t\u0131m de\u011ferleri ile birlikte uzun \u00f6m\u00fcrl\u00fc, kolay bak\u0131m gereksinimi ve %100 geri d\u00f6n\u00fc\u015ft\u00fcr\u00fclebilirlikle \u00f6ne \u00e7\u0131kmaktad\u0131r&#8230;<\/figcaption><\/figure><\/li><li class=\"blocks-gallery-item\"><figure><img decoding=\"async\" loading=\"lazy\" width=\"394\" height=\"263\" src=\"http:\/\/www.farkpen.com\/wp-content\/uploads\/2020\/06\/fusion-sistemi-kap\u0131.jpg\" alt=\"\" data-id=\"470\" data-link=\"http:\/\/www.farkpen.com\/?attachment_id=470\" class=\"wp-image-470\" srcset=\"http:\/\/www.farkpen.com\/wp-content\/uploads\/2020\/06\/fusion-sistemi-kap\u0131.jpg 394w, http:\/\/www.farkpen.com\/wp-content\/uploads\/2020\/06\/fusion-sistemi-kap\u0131-300x200.jpg 300w, http:\/\/www.farkpen.com\/wp-content\/uploads\/2020\/06\/fusion-sistemi-kap\u0131-392x263.jpg 392w\" sizes=\"(max-width: 394px) 100vw, 394px\" \/><figcaption class=\"blocks-gallery-item__caption\">Fusion PVC Kap\u0131 Sistemi, suyun tahliyesini h\u0131zland\u0131ran \u00f6zel e\u011fimli bir tasar\u0131ma sahiptir. Her b\u00fct\u00e7eye uygun, kaliteyi ve ekonomiyi bulu\u015fturan seri&#8230;<\/figcaption><\/figure><\/li><li class=\"blocks-gallery-item\"><figure><img decoding=\"async\" loading=\"lazy\" width=\"391\" height=\"264\" src=\"http:\/\/www.farkpen.com\/wp-content\/uploads\/2020\/06\/everest-max-kap\u0131.jpg\" alt=\"\" data-id=\"471\" data-full-url=\"http:\/\/www.farkpen.com\/wp-content\/uploads\/2020\/06\/everest-max-kap\u0131.jpg\" data-link=\"http:\/\/www.farkpen.com\/?attachment_id=471\" class=\"wp-image-471\" srcset=\"http:\/\/www.farkpen.com\/wp-content\/uploads\/2020\/06\/everest-max-kap\u0131.jpg 391w, http:\/\/www.farkpen.com\/wp-content\/uploads\/2020\/06\/everest-max-kap\u0131-300x203.jpg 300w\" sizes=\"(max-width: 391px) 100vw, 391px\" \/><figcaption class=\"blocks-gallery-item__caption\">Everest Max PVC Kap\u0131 Sistemi&#8217;nin \u00fcr\u00fcn yelpazesi ile m\u00fckemmel izolasyon, konfor ve \u015f\u0131kl\u0131\u011f\u0131 b\u00fct\u00e7eleri zorlamadan elde etmek m\u00fcmk\u00fcn&#8230;<\/figcaption><\/figure><\/li><\/ul><\/figure>\n\n\n\n<p><\/p>\n","protected":false},"excerpt":{"rendered":"","protected":false},"author":1,"featured_media":0,"parent":0,"menu_order":0,"comment_status":"closed","ping_status":"closed","template":"","meta":[],"_links":{"self":[{"href":"http:\/\/www.farkpen.com\/index.php\/wp-json\/wp\/v2\/pages\/462"}],"collection":[{"href":"http:\/\/www.farkpen.com\/index.php\/wp-json\/wp\/v2\/pages"}],"about":[{"href":"http:\/\/www.farkpen.com\/index.php\/wp-json\/wp\/v2\/types\/page"}],"author":[{"embeddable":true,"href":"http:\/\/www.farkpen.com\/index.php\/wp-json\/wp\/v2\/users\/1"}],"replies":[{"embeddable":true,"href":"http:\/\/www.farkpen.com\/index.php\/wp-json\/wp\/v2\/comments?post=462"}],"version-history":[{"count":2,"href":"http:\/\/www.farkpen.com\/index.php\/wp-json\/wp\/v2\/pages\/462\/revisions"}],"predecessor-version":[{"id":473,"href":"http:\/\/www.farkpen.com\/index.php\/wp-json\/wp\/v2\/pages\/462\/revisions\/473"}],"wp:attachment":[{"href":"http:\/\/www.farkpen.com\/index.php\/wp-json\/wp\/v2\/media?parent=462"}],"curies":[{"name":"wp","href":"https:\/\/api.w.org\/{rel}","templated":true}]}}