{"id":443,"date":"2020-06-20T18:44:30","date_gmt":"2020-06-20T18:44:30","guid":{"rendered":"http:\/\/www.farkpen.com\/?page_id=443"},"modified":"2020-06-20T18:44:32","modified_gmt":"2020-06-20T18:44:32","slug":"zendow-plus","status":"publish","type":"page","link":"http:\/\/www.farkpen.com\/index.php\/zendow-plus\/","title":{"rendered":"ZENDOW PLUS"},"content":{"rendered":"\n<h4>Genel \u00d6zellikler<\/h4>\n\n\n\n<p>Zendow PLUS<strong>&nbsp;PVC Pencere ve Kap\u0131<\/strong>&nbsp;Sistemi, m\u00fckemmel tasar\u0131m ve esteti\u011fi sayesinde mekanlar\u0131n\u0131z\u0131n tarz\u0131na kolayca uyum sa\u011flar. Sistem, en ince ayr\u0131nt\u0131s\u0131na kadar uyum i\u00e7in d\u00fc\u015f\u00fcn\u00fcl\u00adm\u00fc\u015ft\u00fcr.<\/p>\n\n\n\n<p><strong>\u00dcST\u00dcN YALITIM<\/strong><\/p>\n\n\n\n<p><em><strong>Zendow PLUS PVC Pencere ve Kap\u0131 Sistemi<\/strong><\/em>, 5 odac\u0131kl\u0131 tasar\u0131m\u0131 ve 70 mm geni\u015fli\u011fi ile \u0131s\u0131 yal\u0131t\u0131m\u0131 a\u00e7\u0131s\u0131ndan m\u00fckemmel bir performansa sahiptir. Sisteme alt \u0131s\u0131 iletim katsay\u0131s\u0131 (Uf), IFT Rosenheim&#8217;da yap\u0131lan testler sonucunda 1,3 &#8211; 1,4 W\/m2K olarak belirlenmi\u015ftir. Orta contal\u0131 uygulamalarda, Uf: 1,3 W\/m2K olarak belgelendirilmi\u015ftir.<\/p>\n\n\n\n<p><strong>AKUST\u0130K PERFORMANS<\/strong><\/p>\n\n\n\n<p>G\u00fcn\u00fcm\u00fcz\u00fcn g\u00fcr\u00fclt\u00fcl\u00fc ya\u015fam alanlar\u0131nda, me\u00adkanlar\u0131n akustik yal\u0131t\u0131m\u0131 b\u00fcy\u00fck \u00f6nem ta\u015f\u0131makta\u00add\u0131r. Zendow PLUS&nbsp;<em>PVC Pencere ve Kap\u0131 Sistemi<\/em>, elle yerle\u015ftirilen fitillere g\u00f6re daha iyi akustik yal\u0131t\u0131m sunan 2 b\u00f6lmeli fitilleri b\u00fcnyesinde bar\u0131nd\u0131r\u0131r. Ayr\u0131ca PVC&#8217;nin var olan yal\u0131t\u0131m \u00f6zellikleri ve Zendow Sistemi&#8217;nin \u00e7ok b\u00f6lmeli yap\u0131s\u0131, yo\u011fun trafikli ve \u00e7ok y\u00fcksek g\u00fcr\u00fclt\u00fcl\u00fc yerler i\u00e7in maksimum akustik yal\u0131t\u0131m gerektiren alanlar\u0131 dahi m\u00fckemmel bir ya\u015fam alan\u0131 haline d\u00f6n\u00fc\u015ft\u00fcr\u00fcr.<\/p>\n\n\n\n<p><strong>STAT\u0130K G\u00dc\u00c7<\/strong><\/p>\n\n\n\n<p><em>Zendow PLUS PVC Pencere ve Kap\u0131 Sistemi<\/em>, i\u00e7erisinde yer alan \u00fcr\u00fcn \u00e7e\u015fitli\u00adli\u011fi ile her detaya uygunluk sa\u011flamaktad\u0131r. \u00d6zel\u00adlikle r\u00fczgar yolunun fazla oldu\u011fu b\u00f6lgeler\u00adde bile, statik orta kay\u0131t ve cephe profilleri ile en uygun \u00e7\u00f6z\u00fcmlere kolayl\u0131kla ula\u015f\u0131labilir.<\/p>\n\n\n\n<p><strong>\u00c7EVREYE SAYGI<\/strong><\/p>\n\n\n\n<p>Zendow PLUS&nbsp;<strong>PVC Pencere ve Kap\u0131 Sistemi<\/strong>&#8216;nin pencere ve kap\u0131lar\u0131 y\u00fcksek yal\u0131t\u0131m de\u011ferleriyle daha sa\u011fl\u0131kl\u0131 bir \u00e7evre ortam\u0131 yaratman\u0131n yan\u0131 s\u0131ra uzun \u00f6mr\u00fc, az bak\u0131m gerek\u00adsinimi ve kullan\u0131m \u00f6m\u00fcrlerinin sonunda % 100 geri d\u00f6n\u00fc\u015ft\u00fcr\u00fclebilirlik ve yeniden i\u015flenebilirlik \u00f6zel\u00adlikleriyle de \u00f6ne \u00e7\u0131kmaktad\u0131r.<\/p>\n\n\n\n<h3>Teknik \u00d6zellikler<img decoding=\"async\" src=\"https:\/\/www.egepen.com.tr\/images\/zendow-plus.jpg\"><\/h3>\n\n\n\n<figure class=\"wp-block-table alignleft\"><table><tbody><tr><\/tr><tr><td class=\"has-text-align-center\" data-align=\"center\"><strong>Profil Geni\u015fli\u011fi<\/strong><\/td><td class=\"has-text-align-center\" data-align=\"center\"><strong>:<\/strong>&nbsp;70 mm<\/td><\/tr><tr><td class=\"has-text-align-center\" data-align=\"center\"><strong>Odac\u0131k Say\u0131s\u0131<\/strong><\/td><td class=\"has-text-align-center\" data-align=\"center\"><strong>:<\/strong>&nbsp;5<\/td><\/tr><tr><td class=\"has-text-align-center\" data-align=\"center\"><strong>Conta Say\u0131s\u0131<\/strong><\/td><td class=\"has-text-align-center\" data-align=\"center\"><strong>:<\/strong>&nbsp;2\/3 (Orta Conta Opsiyonel)<\/td><\/tr><tr><td class=\"has-text-align-center\" data-align=\"center\"><strong>Conta<\/strong><\/td><td class=\"has-text-align-center\" data-align=\"center\"><strong>:<\/strong>&nbsp;TPE Gri \/ Siyah<\/td><\/tr><tr><td class=\"has-text-align-center\" data-align=\"center\"><strong>\u00c7\u0131ta<\/strong><\/td><td class=\"has-text-align-center\" data-align=\"center\"><strong>:<\/strong>&nbsp;Tek T\u0131rnakl\u0131 &#8211; PCE Contal\u0131<\/td><\/tr><tr><td class=\"has-text-align-center\" data-align=\"center\"><strong>Cam Kal\u0131nl\u0131klar\u0131<\/strong><\/td><td class=\"has-text-align-center\" data-align=\"center\"><strong>:<\/strong>&nbsp;4, 20, 24, 30, 36, 44 mm<\/td><\/tr><tr><td class=\"has-text-align-center\" data-align=\"center\"><strong>Standart<\/strong><\/td><td class=\"has-text-align-center\" data-align=\"center\"><strong>:<\/strong>&nbsp;TS EN 12608-1 A S\u0131n\u0131f\u0131<\/td><\/tr><tr><td class=\"has-text-align-center\" data-align=\"center\"><strong>Is\u0131 \u0130letkenlik Kat Say\u0131s\u0131<\/strong><\/td><td class=\"has-text-align-center\" data-align=\"center\"><strong>:<\/strong>&nbsp;Uf: 1.3 W\/m2K (orta contal\u0131) Uf: 1.4 W\/m2K<\/td><\/tr><\/tbody><\/table><\/figure>\n\n\n\n<h3>Zendow Plus Bro\u015f\u00fcr<\/h3>\n\n\n\n<ul><li><a href=\"https:\/\/www.egepen.com.tr\/egepenTemp\/a00b2ea1-63cc-4da1-85a4-f8d3526f34a4.pdf\" target=\"_blank\" rel=\"noreferrer noopener\">Zendow Plus Bro\u015f\u00fcr\u00fc<\/a><\/li><\/ul>\n","protected":false},"excerpt":{"rendered":"<p>Genel \u00d6zellikler Zendow PLUS&nbsp;PVC Pencere ve Kap\u0131&nbsp;Sistemi, m\u00fckemmel tasar\u0131m ve esteti\u011fi sayesinde mekanlar\u0131n\u0131z\u0131n tarz\u0131na kolayca uyum sa\u011flar. Sistem, en ince<\/p>\n","protected":false},"author":1,"featured_media":0,"parent":0,"menu_order":0,"comment_status":"closed","ping_status":"closed","template":"","meta":[],"_links":{"self":[{"href":"http:\/\/www.farkpen.com\/index.php\/wp-json\/wp\/v2\/pages\/443"}],"collection":[{"href":"http:\/\/www.farkpen.com\/index.php\/wp-json\/wp\/v2\/pages"}],"about":[{"href":"http:\/\/www.farkpen.com\/index.php\/wp-json\/wp\/v2\/types\/page"}],"author":[{"embeddable":true,"href":"http:\/\/www.farkpen.com\/index.php\/wp-json\/wp\/v2\/users\/1"}],"replies":[{"embeddable":true,"href":"http:\/\/www.farkpen.com\/index.php\/wp-json\/wp\/v2\/comments?post=443"}],"version-history":[{"count":1,"href":"http:\/\/www.farkpen.com\/index.php\/wp-json\/wp\/v2\/pages\/443\/revisions"}],"predecessor-version":[{"id":444,"href":"http:\/\/www.farkpen.com\/index.php\/wp-json\/wp\/v2\/pages\/443\/revisions\/444"}],"wp:attachment":[{"href":"http:\/\/www.farkpen.com\/index.php\/wp-json\/wp\/v2\/media?parent=443"}],"curies":[{"name":"wp","href":"https:\/\/api.w.org\/{rel}","templated":true}]}}