{"id":319,"date":"2015-03-09T09:09:00","date_gmt":"2015-03-09T09:09:00","guid":{"rendered":"http:\/\/demo.themegrill.com\/colormag\/?page_id=2"},"modified":"2020-06-21T12:17:38","modified_gmt":"2020-06-21T12:17:38","slug":"zendow","status":"publish","type":"page","link":"http:\/\/www.farkpen.com\/index.php\/zendow\/","title":{"rendered":"ZENDOW"},"content":{"rendered":"<h4>Genel \u00d6zellikler<\/h4>\n<p>Zendow PVC Pencere Sistemi, m\u00fckemmel tasar\u0131m ve esteti\u011fi sayesinde mekanlar\u0131n\u0131z\u0131n tarz\u0131na kolayca uyum sa\u011flar. Sistem, en ince ayr\u0131nt\u0131s\u0131na kadar uyum i\u00e7in d\u00fc\u015f\u00fcn\u00fcl\u00adm\u00fc\u015ft\u00fcr.<\/p>\n<p><strong>\u00dcST\u00dcN YALITIM<\/strong><\/p>\n<p>Zendow PVC Pencere Sistemi, 5 odac\u0131kl\u0131 tasar\u0131m\u0131 ve 70 mm geni\u015fli\u011fi ile \u0131s\u0131 yal\u0131t\u0131m\u0131 a\u00e7\u0131s\u0131ndan m\u00fckemmel bir performansa sahiptir. Sisteme alt \u0131s\u0131 iletim katsay\u0131s\u0131 (Uf), IFT Rosenheim&#8217;da yap\u0131lan testler sonucunda 1,3 &#8211; 1,4 W\/m2K olarak belirlenmi\u015ftir. Orta contal\u0131 uygulamalarda, Uf: 1,3 W\/m2K olarak belgelendirilmi\u015ftir.<\/p>\n<p><strong>AKUST\u0130K PERFORMANS<\/strong><\/p>\n<p>G\u00fcn\u00fcm\u00fcz\u00fcn g\u00fcr\u00fclt\u00fcl\u00fc ya\u015fam alanlar\u0131nda, me\u00adkanlar\u0131n akustik yal\u0131t\u0131m\u0131 b\u00fcy\u00fck \u00f6nem ta\u015f\u0131makta\u00add\u0131r.\u00a0Zendow PVC Pencere Sistemi, elle yerle\u015ftirilen fitillere g\u00f6re daha iyi akustik yal\u0131t\u0131m sunan 2 b\u00f6lmeli fitilleri b\u00fcnyesinde bar\u0131nd\u0131r\u0131r. Ayr\u0131ca PVC&#8217;nin var olan yal\u0131t\u0131m \u00f6zellikleri ve\u00a0Zendow PVC Pencere Sistemi&#8217;nin \u00e7ok b\u00f6lmeli yap\u0131s\u0131, yo\u011fun trafikli ve \u00e7ok y\u00fcksek g\u00fcr\u00fclt\u00fcl\u00fc yerler i\u00e7in maksimum akustik yal\u0131t\u0131m gerektiren alanlar\u0131 dahi m\u00fckemmel bir ya\u015fam alan\u0131 haline d\u00f6n\u00fc\u015ft\u00fcr\u00fcr.<\/p>\n<p><strong>STAT\u0130K G\u00dc\u00c7<\/strong><\/p>\n<p>Zendow PVC Pencere Sistemi, i\u00e7erisinde yer alan \u00fcr\u00fcn \u00e7e\u015fitli\u00adli\u011fi ile her detaya uygunluk sa\u011flamaktad\u0131r. \u00d6zellikle r\u00fczgar yolunun fazla oldu\u011fu b\u00f6lgelerde bile, statik orta kay\u0131t ve cephe profilleri ile en uygun \u00e7\u00f6z\u00fcmlere kolayl\u0131kla ula\u015f\u0131labilir.<\/p>\n<p><strong>\u00c7EVREYE SAYGI<\/strong><\/p>\n<p>Zendow PVC Pencere Sistemi&#8217;nin pencere ve kap\u0131lar\u0131 y\u00fcksek yal\u0131t\u0131m de\u011ferleriyle daha sa\u011fl\u0131kl\u0131 bir \u00e7evre ortam\u0131 yaratman\u0131n yan\u0131 s\u0131ra uzun \u00f6mr\u00fc, az bak\u0131m gerek\u00adsinimi ve kullan\u0131m \u00f6m\u00fcrlerinin sonunda % 100 geri d\u00f6n\u00fc\u015ft\u00fcr\u00fclebilirlik ve yeniden i\u015flenebilirlik \u00f6zel\u00adlikleriyle de \u00f6ne \u00e7\u0131kmaktad\u0131r.<\/p>\n\n\n<h4>Teknik \u00d6zellikler<\/h4>\n\n\n\n<figure class=\"wp-block-table alignleft\"><table><tbody><tr><td class=\"has-text-align-center\" data-align=\"center\"><strong>Profil Geni\u015fli\u011fi<\/strong><\/td><td class=\"has-text-align-center\" data-align=\"center\"><strong>:<\/strong>&nbsp;70 mm<\/td><\/tr><tr><td class=\"has-text-align-center\" data-align=\"center\"><strong>Odac\u0131k Say\u0131s\u0131<\/strong><\/td><td class=\"has-text-align-center\" data-align=\"center\"><strong>:<\/strong>&nbsp;5<\/td><\/tr><tr><td class=\"has-text-align-center\" data-align=\"center\"><strong>Conta Say\u0131s\u0131<\/strong><\/td><td class=\"has-text-align-center\" data-align=\"center\"><strong>:<\/strong>&nbsp;2 (Orta Contal\u0131)<\/td><\/tr><tr><td class=\"has-text-align-center\" data-align=\"center\"><strong>Conta<\/strong><\/td><td class=\"has-text-align-center\" data-align=\"center\"><strong>:<\/strong>&nbsp;TPE Gri \/ Siyah<\/td><\/tr><tr><td class=\"has-text-align-center\" data-align=\"center\"><strong>\u00c7\u0131ta<\/strong><\/td><td class=\"has-text-align-center\" data-align=\"center\"><strong>:<\/strong>&nbsp;Tek T\u0131rnakl\u0131 &#8211; PCE Contal\u0131<\/td><\/tr><tr><td class=\"has-text-align-center\" data-align=\"center\"><strong>Cam Kal\u0131nl\u0131klar\u0131<\/strong><\/td><td class=\"has-text-align-center\" data-align=\"center\"><strong>:<\/strong>&nbsp;4, 20, 24, 30, 36, 44 mm<\/td><\/tr><tr><td class=\"has-text-align-center\" data-align=\"center\"><strong>Standart<\/strong><\/td><td class=\"has-text-align-center\" data-align=\"center\"><strong>:<\/strong>&nbsp;TS EN 12608-1 B S\u0131n\u0131f\u0131<\/td><\/tr><tr><td class=\"has-text-align-center\" data-align=\"center\"><strong>Is\u0131 \u0130letkenlik Kat Say\u0131s\u0131<\/strong><\/td><td class=\"has-text-align-center\" data-align=\"center\"><strong>:<\/strong>&nbsp;Uf: 1.3 W\/m2K (orta contal\u0131) Uf: 1.4 W\/m2K<\/td><\/tr><\/tbody><\/table><\/figure>\n\n\n\n<figure class=\"wp-block-image size-large\"><img decoding=\"async\" loading=\"lazy\" width=\"600\" height=\"338\" src=\"http:\/\/www.farkpen.com\/wp-content\/uploads\/2020\/06\/01_Zendow_Klasik-kasa-Kapi-75_HQ_k.jpg\" alt=\"\" class=\"wp-image-414\" srcset=\"http:\/\/www.farkpen.com\/wp-content\/uploads\/2020\/06\/01_Zendow_Klasik-kasa-Kapi-75_HQ_k.jpg 600w, http:\/\/www.farkpen.com\/wp-content\/uploads\/2020\/06\/01_Zendow_Klasik-kasa-Kapi-75_HQ_k-300x169.jpg 300w\" sizes=\"(max-width: 600px) 100vw, 600px\" \/><\/figure>\n\n\n\n<h4>Renk Se\u00e7enekleri<\/h4>\n\n\n\n<p>Zendow PVC Pencere, zengin renk se\u00e7enekleri ile t\u00fcketicilerin beklentilerini kar\u015f\u0131lamaktad\u0131r.<\/p>\n\n\n\n<figure class=\"is-layout-flex wp-block-gallery-1 wp-block-gallery columns-3 is-cropped\"><ul class=\"blocks-gallery-grid\"><li class=\"blocks-gallery-item\"><figure><img decoding=\"async\" loading=\"lazy\" width=\"342\" height=\"317\" src=\"http:\/\/www.farkpen.com\/wp-content\/uploads\/2020\/06\/renk1-1.jpg\" alt=\"\" data-id=\"415\" data-link=\"http:\/\/www.farkpen.com\/index.php\/sample-page-2\/renk1-1\/\" class=\"wp-image-415\" srcset=\"http:\/\/www.farkpen.com\/wp-content\/uploads\/2020\/06\/renk1-1.jpg 342w, http:\/\/www.farkpen.com\/wp-content\/uploads\/2020\/06\/renk1-1-300x278.jpg 300w\" sizes=\"(max-width: 342px) 100vw, 342px\" \/><\/figure><\/li><li class=\"blocks-gallery-item\"><figure><img decoding=\"async\" loading=\"lazy\" width=\"341\" height=\"268\" src=\"http:\/\/www.farkpen.com\/wp-content\/uploads\/2020\/06\/renk2-1.jpg\" alt=\"\" data-id=\"416\" data-link=\"http:\/\/www.farkpen.com\/index.php\/sample-page-2\/renk2-1\/\" class=\"wp-image-416\" srcset=\"http:\/\/www.farkpen.com\/wp-content\/uploads\/2020\/06\/renk2-1.jpg 341w, http:\/\/www.farkpen.com\/wp-content\/uploads\/2020\/06\/renk2-1-300x236.jpg 300w\" sizes=\"(max-width: 341px) 100vw, 341px\" \/><\/figure><\/li><li class=\"blocks-gallery-item\"><figure><img decoding=\"async\" loading=\"lazy\" width=\"334\" height=\"209\" src=\"http:\/\/www.farkpen.com\/wp-content\/uploads\/2020\/06\/renk3-1.jpg\" alt=\"\" data-id=\"417\" data-link=\"http:\/\/www.farkpen.com\/index.php\/sample-page-2\/renk3-1\/\" class=\"wp-image-417\" srcset=\"http:\/\/www.farkpen.com\/wp-content\/uploads\/2020\/06\/renk3-1.jpg 334w, http:\/\/www.farkpen.com\/wp-content\/uploads\/2020\/06\/renk3-1-300x188.jpg 300w\" sizes=\"(max-width: 334px) 100vw, 334px\" \/><\/figure><\/li><li class=\"blocks-gallery-item\"><figure><img decoding=\"async\" loading=\"lazy\" width=\"340\" height=\"227\" src=\"http:\/\/www.farkpen.com\/wp-content\/uploads\/2020\/06\/renk4-1.jpg\" alt=\"\" data-id=\"418\" data-link=\"http:\/\/www.farkpen.com\/index.php\/sample-page-2\/renk4-1\/\" class=\"wp-image-418\" srcset=\"http:\/\/www.farkpen.com\/wp-content\/uploads\/2020\/06\/renk4-1.jpg 340w, http:\/\/www.farkpen.com\/wp-content\/uploads\/2020\/06\/renk4-1-300x200.jpg 300w\" sizes=\"(max-width: 340px) 100vw, 340px\" \/><\/figure><\/li><li class=\"blocks-gallery-item\"><figure><img decoding=\"async\" loading=\"lazy\" width=\"330\" height=\"258\" src=\"http:\/\/www.farkpen.com\/wp-content\/uploads\/2020\/06\/renk5-1.jpg\" alt=\"\" data-id=\"419\" data-link=\"http:\/\/www.farkpen.com\/index.php\/sample-page-2\/renk5-1\/\" class=\"wp-image-419\" srcset=\"http:\/\/www.farkpen.com\/wp-content\/uploads\/2020\/06\/renk5-1.jpg 330w, http:\/\/www.farkpen.com\/wp-content\/uploads\/2020\/06\/renk5-1-300x235.jpg 300w\" sizes=\"(max-width: 330px) 100vw, 330px\" \/><\/figure><\/li><li class=\"blocks-gallery-item\"><figure><img decoding=\"async\" loading=\"lazy\" width=\"323\" height=\"231\" src=\"http:\/\/www.farkpen.com\/wp-content\/uploads\/2020\/06\/renk6-1.jpg\" alt=\"\" data-id=\"420\" data-link=\"http:\/\/www.farkpen.com\/index.php\/sample-page-2\/renk6-1\/\" class=\"wp-image-420\" srcset=\"http:\/\/www.farkpen.com\/wp-content\/uploads\/2020\/06\/renk6-1.jpg 323w, http:\/\/www.farkpen.com\/wp-content\/uploads\/2020\/06\/renk6-1-300x215.jpg 300w\" sizes=\"(max-width: 323px) 100vw, 323px\" \/><\/figure><\/li><li class=\"blocks-gallery-item\"><figure><img decoding=\"async\" loading=\"lazy\" width=\"320\" height=\"215\" src=\"http:\/\/www.farkpen.com\/wp-content\/uploads\/2020\/06\/renk7-1.jpg\" alt=\"\" data-id=\"421\" data-link=\"http:\/\/www.farkpen.com\/index.php\/sample-page-2\/renk7-1\/\" class=\"wp-image-421\" srcset=\"http:\/\/www.farkpen.com\/wp-content\/uploads\/2020\/06\/renk7-1.jpg 320w, http:\/\/www.farkpen.com\/wp-content\/uploads\/2020\/06\/renk7-1-300x202.jpg 300w\" sizes=\"(max-width: 320px) 100vw, 320px\" \/><\/figure><\/li><li class=\"blocks-gallery-item\"><figure><img decoding=\"async\" loading=\"lazy\" width=\"321\" height=\"240\" src=\"http:\/\/www.farkpen.com\/wp-content\/uploads\/2020\/06\/renk8-1.jpg\" alt=\"\" data-id=\"422\" data-full-url=\"http:\/\/www.farkpen.com\/wp-content\/uploads\/2020\/06\/renk8-1.jpg\" data-link=\"http:\/\/www.farkpen.com\/index.php\/sample-page-2\/renk8-1\/\" class=\"wp-image-422\" srcset=\"http:\/\/www.farkpen.com\/wp-content\/uploads\/2020\/06\/renk8-1.jpg 321w, http:\/\/www.farkpen.com\/wp-content\/uploads\/2020\/06\/renk8-1-300x224.jpg 300w\" sizes=\"(max-width: 321px) 100vw, 321px\" \/><\/figure><\/li><li class=\"blocks-gallery-item\"><figure><img decoding=\"async\" loading=\"lazy\" width=\"316\" height=\"210\" src=\"http:\/\/www.farkpen.com\/wp-content\/uploads\/2020\/06\/renk9-1.jpg\" alt=\"\" data-id=\"423\" data-full-url=\"http:\/\/www.farkpen.com\/wp-content\/uploads\/2020\/06\/renk9-1.jpg\" data-link=\"http:\/\/www.farkpen.com\/index.php\/sample-page-2\/renk9-1\/\" class=\"wp-image-423\" srcset=\"http:\/\/www.farkpen.com\/wp-content\/uploads\/2020\/06\/renk9-1.jpg 316w, http:\/\/www.farkpen.com\/wp-content\/uploads\/2020\/06\/renk9-1-300x199.jpg 300w\" sizes=\"(max-width: 316px) 100vw, 316px\" \/><\/figure><\/li><li class=\"blocks-gallery-item\"><figure><img decoding=\"async\" loading=\"lazy\" width=\"338\" height=\"216\" src=\"http:\/\/www.farkpen.com\/wp-content\/uploads\/2020\/06\/renk10-1.jpg\" alt=\"\" data-id=\"424\" data-full-url=\"http:\/\/www.farkpen.com\/wp-content\/uploads\/2020\/06\/renk10-1.jpg\" data-link=\"http:\/\/www.farkpen.com\/index.php\/sample-page-2\/renk10-1\/\" class=\"wp-image-424\" srcset=\"http:\/\/www.farkpen.com\/wp-content\/uploads\/2020\/06\/renk10-1.jpg 338w, http:\/\/www.farkpen.com\/wp-content\/uploads\/2020\/06\/renk10-1-300x192.jpg 300w\" sizes=\"(max-width: 338px) 100vw, 338px\" \/><\/figure><\/li><li class=\"blocks-gallery-item\"><figure><img decoding=\"async\" loading=\"lazy\" width=\"319\" height=\"230\" src=\"http:\/\/www.farkpen.com\/wp-content\/uploads\/2020\/06\/renk11-1.jpg\" alt=\"\" data-id=\"425\" data-full-url=\"http:\/\/www.farkpen.com\/wp-content\/uploads\/2020\/06\/renk11-1.jpg\" data-link=\"http:\/\/www.farkpen.com\/index.php\/sample-page-2\/renk11-1\/\" class=\"wp-image-425\" srcset=\"http:\/\/www.farkpen.com\/wp-content\/uploads\/2020\/06\/renk11-1.jpg 319w, http:\/\/www.farkpen.com\/wp-content\/uploads\/2020\/06\/renk11-1-300x216.jpg 300w\" sizes=\"(max-width: 319px) 100vw, 319px\" \/><\/figure><\/li><li class=\"blocks-gallery-item\"><figure><img decoding=\"async\" loading=\"lazy\" width=\"330\" height=\"236\" src=\"http:\/\/www.farkpen.com\/wp-content\/uploads\/2020\/06\/renk12-1.jpg\" alt=\"\" data-id=\"426\" data-full-url=\"http:\/\/www.farkpen.com\/wp-content\/uploads\/2020\/06\/renk12-1.jpg\" data-link=\"http:\/\/www.farkpen.com\/index.php\/sample-page-2\/renk12-1\/\" class=\"wp-image-426\" srcset=\"http:\/\/www.farkpen.com\/wp-content\/uploads\/2020\/06\/renk12-1.jpg 330w, http:\/\/www.farkpen.com\/wp-content\/uploads\/2020\/06\/renk12-1-300x215.jpg 300w\" sizes=\"(max-width: 330px) 100vw, 330px\" \/><\/figure><\/li><li class=\"blocks-gallery-item\"><figure><img decoding=\"async\" loading=\"lazy\" width=\"344\" height=\"234\" src=\"http:\/\/www.farkpen.com\/wp-content\/uploads\/2020\/06\/renk13-1.jpg\" alt=\"\" data-id=\"427\" data-full-url=\"http:\/\/www.farkpen.com\/wp-content\/uploads\/2020\/06\/renk13-1.jpg\" data-link=\"http:\/\/www.farkpen.com\/index.php\/sample-page-2\/renk13-1\/\" class=\"wp-image-427\" srcset=\"http:\/\/www.farkpen.com\/wp-content\/uploads\/2020\/06\/renk13-1.jpg 344w, http:\/\/www.farkpen.com\/wp-content\/uploads\/2020\/06\/renk13-1-300x204.jpg 300w\" sizes=\"(max-width: 344px) 100vw, 344px\" \/><\/figure><\/li><li class=\"blocks-gallery-item\"><figure><img decoding=\"async\" loading=\"lazy\" width=\"338\" height=\"255\" src=\"http:\/\/www.farkpen.com\/wp-content\/uploads\/2020\/06\/renk14-1.jpg\" alt=\"\" data-id=\"428\" data-full-url=\"http:\/\/www.farkpen.com\/wp-content\/uploads\/2020\/06\/renk14-1.jpg\" data-link=\"http:\/\/www.farkpen.com\/index.php\/sample-page-2\/renk14-1\/\" class=\"wp-image-428\" srcset=\"http:\/\/www.farkpen.com\/wp-content\/uploads\/2020\/06\/renk14-1.jpg 338w, http:\/\/www.farkpen.com\/wp-content\/uploads\/2020\/06\/renk14-1-300x226.jpg 300w\" sizes=\"(max-width: 338px) 100vw, 338px\" \/><\/figure><\/li><li class=\"blocks-gallery-item\"><figure><img decoding=\"async\" loading=\"lazy\" width=\"331\" height=\"221\" src=\"http:\/\/www.farkpen.com\/wp-content\/uploads\/2020\/06\/renk15-1.jpg\" alt=\"\" data-id=\"429\" data-full-url=\"http:\/\/www.farkpen.com\/wp-content\/uploads\/2020\/06\/renk15-1.jpg\" data-link=\"http:\/\/www.farkpen.com\/index.php\/sample-page-2\/renk15-1\/\" class=\"wp-image-429\" srcset=\"http:\/\/www.farkpen.com\/wp-content\/uploads\/2020\/06\/renk15-1.jpg 331w, http:\/\/www.farkpen.com\/wp-content\/uploads\/2020\/06\/renk15-1-300x200.jpg 300w\" sizes=\"(max-width: 331px) 100vw, 331px\" \/><\/figure><\/li><\/ul><\/figure>\n\n\n\n<h3>Zendow Bro\u015f\u00fcr<\/h3>\n\n\n\n<ul><li><a href=\"https:\/\/www.egepen.com.tr\/egepenTemp\/5b8bced1-1d76-4b70-a97f-4c135b61c8e2.pdf\" target=\"_blank\" rel=\"noreferrer noopener\">Zendow Bro\u015f\u00fcr\u00fc<\/a><\/li><\/ul>\n","protected":false},"excerpt":{"rendered":"<p>Genel \u00d6zellikler Zendow PVC Pencere Sistemi, m\u00fckemmel tasar\u0131m ve esteti\u011fi sayesinde mekanlar\u0131n\u0131z\u0131n tarz\u0131na kolayca uyum sa\u011flar. Sistem, en ince ayr\u0131nt\u0131s\u0131na<\/p>\n","protected":false},"author":1,"featured_media":0,"parent":0,"menu_order":0,"comment_status":"closed","ping_status":"open","template":"","meta":[],"_links":{"self":[{"href":"http:\/\/www.farkpen.com\/index.php\/wp-json\/wp\/v2\/pages\/319"}],"collection":[{"href":"http:\/\/www.farkpen.com\/index.php\/wp-json\/wp\/v2\/pages"}],"about":[{"href":"http:\/\/www.farkpen.com\/index.php\/wp-json\/wp\/v2\/types\/page"}],"author":[{"embeddable":true,"href":"http:\/\/www.farkpen.com\/index.php\/wp-json\/wp\/v2\/users\/1"}],"replies":[{"embeddable":true,"href":"http:\/\/www.farkpen.com\/index.php\/wp-json\/wp\/v2\/comments?post=319"}],"version-history":[{"count":3,"href":"http:\/\/www.farkpen.com\/index.php\/wp-json\/wp\/v2\/pages\/319\/revisions"}],"predecessor-version":[{"id":454,"href":"http:\/\/www.farkpen.com\/index.php\/wp-json\/wp\/v2\/pages\/319\/revisions\/454"}],"wp:attachment":[{"href":"http:\/\/www.farkpen.com\/index.php\/wp-json\/wp\/v2\/media?parent=319"}],"curies":[{"name":"wp","href":"https:\/\/api.w.org\/{rel}","templated":true}]}}