{"id":2,"date":"2020-06-20T13:34:11","date_gmt":"2020-06-20T13:34:11","guid":{"rendered":"http:\/\/www.farkpen.com\/?page_id=2"},"modified":"2020-06-21T12:15:08","modified_gmt":"2020-06-21T12:15:08","slug":"legend","status":"publish","type":"page","link":"http:\/\/www.farkpen.com\/index.php\/legend\/","title":{"rendered":"LEGEND"},"content":{"rendered":"\n<h3>Genel \u00d6zellikler<\/h3>\n\n\n\n<p><strong>Legend PVC Pencere Sistemi<\/strong>, 80 mm oturma geni\u015fli\u011fine g\u00f6re, 6 odal\u0131 olarak tasarlanm\u0131\u015ft\u0131r. Sistemin tasar\u0131m\u0131nda \u00f6zellikle y\u00fcksek performans kriterleri g\u00f6z \u00f6n\u00fcnde bulun\u00addurularak, profiller en uygun yap\u0131 ta\u015flar\u0131n\u0131n bir araya getirilmesi ile olu\u015fturul\u00admu\u015ftur. Tasar\u0131m s\u00fcreci, profilin yan\u0131 s\u0131ra, pencere performans\u0131 olarak, yal\u0131tm (\u0131s\u0131 ve ses), mukavemet, s\u0131zd\u0131rmazl\u0131k \u00f6zellikleri b\u00fct\u00fcnsel olarak de\u011ferlendirilmi\u015ftir. Sistemdeki profiller, EN12608-1 standard\u0131na uygun olarak \u00fcretilmektedir.<\/p>\n\n\n\n<p><strong>ISI YALITIMINDA Y\u00dcKSEK PERFORMANS<\/strong><\/p>\n\n\n\n<p><em>Legend PVC Pencere Sistemi<\/em>, pencerenin mekan\u0131n\u0131za en iyi \u0131s\u0131 yal\u0131t\u0131m\u0131n\u0131 sa\u011flamas\u0131 amac\u0131, bir\u00e7ok \u00f6nemli yap\u0131 ta\u015f\u0131n\u0131 bir araya getirecek \u015fekilde tasarlanm\u0131\u015ft\u0131r. Sistemin, 80 mm platformunda olmas\u0131, 6 odac\u0131kl\u0131, 3 conta (orta conta) konseptleri bir araya getirilmesi ile daha d\u00fc\u015f\u00fck \u0131s\u0131 ve iletkenlik katsay\u0131s\u0131 (Uf) hedeflenmi\u015ftir. Legend&nbsp;<em>PVC Pencere<\/em>&nbsp;Sistemi&#8217;ne ait Uf de\u011feri; 0.92 W\/m\u00b2K&#8217;dir. \u00d6zellikle sistemin 80 mm geni\u015flik \u00fczerinde yap\u0131land\u0131r\u0131lmas\u0131, 52 mm cam kal\u0131nl\u0131\u011f\u0131na sahip d\u00fc\u015f\u00fck Ug de\u011ferindeki \u00fc\u00e7l\u00fc cam uygulamalar\u0131na olanak sa\u011flamaktad\u0131r. B\u00f6ylelikle pencerenize ait \u0131s\u0131 iletkenlik de\u011feri, profil kesiti ve cama ait \u0131s\u0131l de\u011ferlerin bir araya gelmesi ile \u00fcst\u00fcn U pencere de\u011ferini olu\u015fturmaktad\u0131r. (*Uw:0.78 W\/m\u00b2K)<\/p>\n\n\n\n<p><strong>STAT\u0130K G\u00dc\u00c7<\/strong><\/p>\n\n\n\n<p><strong>Legend PVC Pencere<\/strong>&nbsp;<strong>Sistemi<\/strong>&#8216;nde yer alan profillerde yer alan destek saclar\u0131 y\u00fcksek statik de\u011ferlere sahiptir. B\u00f6ylelikle r\u00fczgar y\u00fck\u00fcn\u00fcn fazla oldu\u011fu b\u00f6lgelerde, yap\u0131lacak statik hesaplamalar\u0131 g\u00f6z \u00f6n\u00fcnde bulundurularak en uygun profil ve sac belir\u00adlenir. Saclar\u0131n statik y\u00f6nden y\u00fcksek mukavemete sahip olmas\u0131, sistemde daha geni\u015f ebatl\u0131 pencere yani g\u00f6r\u00fc\u015f alan\u0131n\u0131n art\u0131nlmas\u0131n\u0131 sa\u011flamaktadir.<\/p>\n\n\n\n<p><strong>\u00dcR\u00dcN \u00c7E\u015e\u0130TL\u0130L\u0130\u011e\u0130<\/strong><\/p>\n\n\n\n<p>Sistem geni\u015f \u00fcr\u00fcn grubuna sahiptir. Standart kasa, pervazl\u0131 kasa, ortakay\u0131t, statik ortakay\u0131t, kanat ve damlal\u0131kl\u0131 kanat se\u00e7enekleri, i\u00e7e ve d\u0131\u015fa a\u00e7\u0131lan kap\u0131 kanat profilleri ve kanat adapt\u00f6r sistemde yer alacak ana profillerdir. Ayr\u0131ca, bir\u00e7ok \u00f6zellikli detaya da \u00e7\u00f6z\u00fcm olu\u015fturmak amac\u0131 ile zengin yard\u0131mc\u0131 profil grubu mevcuttur. 90 k\u00f6\u015fe d\u00f6n\u00fc\u015f, a\u00e7\u0131l\u0131 k\u00f6\u015fe d\u00f6n\u00fc\u015f, greyaj ve cephe profilleri, y\u00fckseltme, kasa uzatma, kapatma ve pervaz profilleri gibi &#8230;<\/p>\n\n\n\n<p><strong>CAM UYGULAMALARI<\/strong><\/p>\n\n\n\n<p><em>PVC Pencere ve kap\u0131larda<\/em>&nbsp;24, 30, 36, 44 ve 52 mm cam kal\u0131nl\u0131\u011f\u0131 uygulamalar\u0131 yap\u0131labilmektedir.&nbsp;<em><strong>Legend PVC Pencere Sistemi<\/strong><\/em>, renk se\u00e7ene\u011fi konusunda da Egepen Deceuninck&#8217;in zengin renk alternatiflerinden yararlanarak her zevke uygun \u00e7\u00f6z\u00fcmler sunar.<\/p>\n\n\n\n<p>* Upencere de\u011feri, IFT-Rosenheim&#8217;da do\u011frama i\u00e7in hesaplanan de\u011ferdir.<\/p>\n\n\n\n<h3>Teknik \u00d6zellikler<\/h3>\n\n\n\n<figure class=\"wp-block-table is-style-stripes\"><table><tbody><tr><td class=\"has-text-align-center\" data-align=\"center\"><strong>Profil Geni\u015fli\u011fi<\/strong><\/td><td class=\"has-text-align-center\" data-align=\"center\"><strong>:<\/strong>&nbsp;80 mm<\/td><\/tr><tr><td class=\"has-text-align-center\" data-align=\"center\"><strong>Odac\u0131k Say\u0131s\u0131<\/strong><\/td><td class=\"has-text-align-center\" data-align=\"center\"><strong>:<\/strong>&nbsp;6<\/td><\/tr><tr><td class=\"has-text-align-center\" data-align=\"center\"><strong>Conta Say\u0131s\u0131<\/strong><\/td><td class=\"has-text-align-center\" data-align=\"center\"><strong>:<\/strong>&nbsp;3 (Orta Contal\u0131)<\/td><\/tr><tr><td class=\"has-text-align-center\" data-align=\"center\"><strong>Conta<\/strong><\/td><td class=\"has-text-align-center\" data-align=\"center\"><strong>:<\/strong>&nbsp;TPE Gri \/ Siyah<\/td><\/tr><tr><td class=\"has-text-align-center\" data-align=\"center\"><strong>\u00c7\u0131ta<\/strong><\/td><td class=\"has-text-align-center\" data-align=\"center\"><strong>:<\/strong>&nbsp;Tek T\u0131rnakl\u0131 &#8211; PCE Contal\u0131<\/td><\/tr><tr><td class=\"has-text-align-center\" data-align=\"center\"><strong>Cam Kal\u0131nl\u0131klar\u0131<\/strong><\/td><td class=\"has-text-align-center\" data-align=\"center\"><strong>:<\/strong>&nbsp;24,30,36,44,52 mm<\/td><\/tr><tr><td class=\"has-text-align-center\" data-align=\"center\"><strong>Standart<\/strong><\/td><td class=\"has-text-align-center\" data-align=\"center\"><strong>:<\/strong>&nbsp;EN 12608-1<\/td><\/tr><tr><td class=\"has-text-align-center\" data-align=\"center\"><strong>Is\u0131 \u0130letkenlik Kat Say\u0131s\u0131<\/strong><\/td><td class=\"has-text-align-center\" data-align=\"center\"><strong>:<\/strong>&nbsp;Uf: 0.92 W\/m\u00b2K<\/td><\/tr><\/tbody><\/table><\/figure>\n\n\n\n<figure class=\"wp-block-image size-large\"><img decoding=\"async\" loading=\"lazy\" width=\"689\" height=\"413\" src=\"http:\/\/www.farkpen.com\/wp-content\/uploads\/2020\/06\/legend_b.jpg\" alt=\"\" class=\"wp-image-393\" srcset=\"http:\/\/www.farkpen.com\/wp-content\/uploads\/2020\/06\/legend_b.jpg 689w, http:\/\/www.farkpen.com\/wp-content\/uploads\/2020\/06\/legend_b-300x180.jpg 300w\" sizes=\"(max-width: 689px) 100vw, 689px\" \/><\/figure>\n\n\n\n<h3>Renk Se\u00e7enekleri<\/h3>\n\n\n\n<p>Legend PVC Pencere, zengin renk se\u00e7enekleri ile t\u00fcketicilerin beklentilerini kar\u015f\u0131lamaktad\u0131r.<\/p>\n\n\n\n<figure class=\"is-layout-flex wp-block-gallery-1 wp-block-gallery columns-3 is-cropped\"><ul class=\"blocks-gallery-grid\"><li class=\"blocks-gallery-item\"><figure><img decoding=\"async\" loading=\"lazy\" width=\"342\" height=\"317\" src=\"http:\/\/www.farkpen.com\/wp-content\/uploads\/2020\/06\/renk1.jpg\" alt=\"\" data-id=\"395\" data-link=\"http:\/\/www.farkpen.com\/index.php\/sample-page\/renk1\/\" class=\"wp-image-395\" srcset=\"http:\/\/www.farkpen.com\/wp-content\/uploads\/2020\/06\/renk1.jpg 342w, http:\/\/www.farkpen.com\/wp-content\/uploads\/2020\/06\/renk1-300x278.jpg 300w\" sizes=\"(max-width: 342px) 100vw, 342px\" \/><\/figure><\/li><li class=\"blocks-gallery-item\"><figure><img decoding=\"async\" loading=\"lazy\" width=\"341\" height=\"268\" src=\"http:\/\/www.farkpen.com\/wp-content\/uploads\/2020\/06\/renk2.jpg\" alt=\"\" data-id=\"396\" data-link=\"http:\/\/www.farkpen.com\/index.php\/sample-page\/renk2\/\" class=\"wp-image-396\" srcset=\"http:\/\/www.farkpen.com\/wp-content\/uploads\/2020\/06\/renk2.jpg 341w, http:\/\/www.farkpen.com\/wp-content\/uploads\/2020\/06\/renk2-300x236.jpg 300w\" sizes=\"(max-width: 341px) 100vw, 341px\" \/><\/figure><\/li><li class=\"blocks-gallery-item\"><figure><img decoding=\"async\" loading=\"lazy\" width=\"334\" height=\"209\" src=\"http:\/\/www.farkpen.com\/wp-content\/uploads\/2020\/06\/renk3.jpg\" alt=\"\" data-id=\"397\" data-link=\"http:\/\/www.farkpen.com\/index.php\/sample-page\/renk3\/\" class=\"wp-image-397\" srcset=\"http:\/\/www.farkpen.com\/wp-content\/uploads\/2020\/06\/renk3.jpg 334w, http:\/\/www.farkpen.com\/wp-content\/uploads\/2020\/06\/renk3-300x188.jpg 300w\" sizes=\"(max-width: 334px) 100vw, 334px\" \/><\/figure><\/li><li class=\"blocks-gallery-item\"><figure><img decoding=\"async\" loading=\"lazy\" width=\"340\" height=\"227\" src=\"http:\/\/www.farkpen.com\/wp-content\/uploads\/2020\/06\/renk4.jpg\" alt=\"\" data-id=\"398\" data-link=\"http:\/\/www.farkpen.com\/index.php\/sample-page\/renk4\/\" class=\"wp-image-398\" srcset=\"http:\/\/www.farkpen.com\/wp-content\/uploads\/2020\/06\/renk4.jpg 340w, http:\/\/www.farkpen.com\/wp-content\/uploads\/2020\/06\/renk4-300x200.jpg 300w\" sizes=\"(max-width: 340px) 100vw, 340px\" \/><\/figure><\/li><li class=\"blocks-gallery-item\"><figure><img decoding=\"async\" loading=\"lazy\" width=\"330\" height=\"258\" src=\"http:\/\/www.farkpen.com\/wp-content\/uploads\/2020\/06\/renk5.jpg\" alt=\"\" data-id=\"399\" data-link=\"http:\/\/www.farkpen.com\/index.php\/sample-page\/renk5\/\" class=\"wp-image-399\" srcset=\"http:\/\/www.farkpen.com\/wp-content\/uploads\/2020\/06\/renk5.jpg 330w, http:\/\/www.farkpen.com\/wp-content\/uploads\/2020\/06\/renk5-300x235.jpg 300w\" sizes=\"(max-width: 330px) 100vw, 330px\" \/><\/figure><\/li><li class=\"blocks-gallery-item\"><figure><img decoding=\"async\" loading=\"lazy\" width=\"323\" height=\"231\" src=\"http:\/\/www.farkpen.com\/wp-content\/uploads\/2020\/06\/renk6.jpg\" alt=\"\" data-id=\"400\" data-link=\"http:\/\/www.farkpen.com\/index.php\/sample-page\/renk6\/\" class=\"wp-image-400\" srcset=\"http:\/\/www.farkpen.com\/wp-content\/uploads\/2020\/06\/renk6.jpg 323w, http:\/\/www.farkpen.com\/wp-content\/uploads\/2020\/06\/renk6-300x215.jpg 300w\" sizes=\"(max-width: 323px) 100vw, 323px\" \/><\/figure><\/li><li class=\"blocks-gallery-item\"><figure><img decoding=\"async\" loading=\"lazy\" width=\"320\" height=\"215\" src=\"http:\/\/www.farkpen.com\/wp-content\/uploads\/2020\/06\/renk7.jpg\" alt=\"\" data-id=\"401\" data-link=\"http:\/\/www.farkpen.com\/index.php\/sample-page\/renk7\/\" class=\"wp-image-401\" srcset=\"http:\/\/www.farkpen.com\/wp-content\/uploads\/2020\/06\/renk7.jpg 320w, http:\/\/www.farkpen.com\/wp-content\/uploads\/2020\/06\/renk7-300x202.jpg 300w\" sizes=\"(max-width: 320px) 100vw, 320px\" \/><\/figure><\/li><li class=\"blocks-gallery-item\"><figure><img decoding=\"async\" loading=\"lazy\" width=\"321\" height=\"240\" src=\"http:\/\/www.farkpen.com\/wp-content\/uploads\/2020\/06\/renk8.jpg\" alt=\"\" data-id=\"402\" data-link=\"http:\/\/www.farkpen.com\/index.php\/sample-page\/renk8\/\" class=\"wp-image-402\" srcset=\"http:\/\/www.farkpen.com\/wp-content\/uploads\/2020\/06\/renk8.jpg 321w, http:\/\/www.farkpen.com\/wp-content\/uploads\/2020\/06\/renk8-300x224.jpg 300w\" sizes=\"(max-width: 321px) 100vw, 321px\" \/><\/figure><\/li><li class=\"blocks-gallery-item\"><figure><img decoding=\"async\" loading=\"lazy\" width=\"316\" height=\"210\" src=\"http:\/\/www.farkpen.com\/wp-content\/uploads\/2020\/06\/renk9.jpg\" alt=\"\" data-id=\"403\" data-link=\"http:\/\/www.farkpen.com\/index.php\/sample-page\/renk9\/\" class=\"wp-image-403\" srcset=\"http:\/\/www.farkpen.com\/wp-content\/uploads\/2020\/06\/renk9.jpg 316w, http:\/\/www.farkpen.com\/wp-content\/uploads\/2020\/06\/renk9-300x199.jpg 300w\" sizes=\"(max-width: 316px) 100vw, 316px\" \/><\/figure><\/li><li class=\"blocks-gallery-item\"><figure><img decoding=\"async\" loading=\"lazy\" width=\"338\" height=\"216\" src=\"http:\/\/www.farkpen.com\/wp-content\/uploads\/2020\/06\/renk10.jpg\" alt=\"\" data-id=\"404\" data-link=\"http:\/\/www.farkpen.com\/index.php\/sample-page\/renk10\/\" class=\"wp-image-404\" srcset=\"http:\/\/www.farkpen.com\/wp-content\/uploads\/2020\/06\/renk10.jpg 338w, http:\/\/www.farkpen.com\/wp-content\/uploads\/2020\/06\/renk10-300x192.jpg 300w\" sizes=\"(max-width: 338px) 100vw, 338px\" \/><\/figure><\/li><li class=\"blocks-gallery-item\"><figure><img decoding=\"async\" loading=\"lazy\" width=\"319\" height=\"230\" src=\"http:\/\/www.farkpen.com\/wp-content\/uploads\/2020\/06\/renk11.jpg\" alt=\"\" data-id=\"405\" data-link=\"http:\/\/www.farkpen.com\/index.php\/sample-page\/renk11\/\" class=\"wp-image-405\" srcset=\"http:\/\/www.farkpen.com\/wp-content\/uploads\/2020\/06\/renk11.jpg 319w, http:\/\/www.farkpen.com\/wp-content\/uploads\/2020\/06\/renk11-300x216.jpg 300w\" sizes=\"(max-width: 319px) 100vw, 319px\" \/><\/figure><\/li><li class=\"blocks-gallery-item\"><figure><img decoding=\"async\" loading=\"lazy\" width=\"330\" height=\"236\" src=\"http:\/\/www.farkpen.com\/wp-content\/uploads\/2020\/06\/renk12.jpg\" alt=\"\" data-id=\"406\" data-link=\"http:\/\/www.farkpen.com\/index.php\/sample-page\/renk12\/\" class=\"wp-image-406\" srcset=\"http:\/\/www.farkpen.com\/wp-content\/uploads\/2020\/06\/renk12.jpg 330w, http:\/\/www.farkpen.com\/wp-content\/uploads\/2020\/06\/renk12-300x215.jpg 300w\" sizes=\"(max-width: 330px) 100vw, 330px\" \/><\/figure><\/li><li class=\"blocks-gallery-item\"><figure><img decoding=\"async\" loading=\"lazy\" width=\"344\" height=\"234\" src=\"http:\/\/www.farkpen.com\/wp-content\/uploads\/2020\/06\/renk13.jpg\" alt=\"\" data-id=\"407\" data-link=\"http:\/\/www.farkpen.com\/index.php\/sample-page\/renk13\/\" class=\"wp-image-407\" srcset=\"http:\/\/www.farkpen.com\/wp-content\/uploads\/2020\/06\/renk13.jpg 344w, http:\/\/www.farkpen.com\/wp-content\/uploads\/2020\/06\/renk13-300x204.jpg 300w\" sizes=\"(max-width: 344px) 100vw, 344px\" \/><\/figure><\/li><li class=\"blocks-gallery-item\"><figure><img decoding=\"async\" loading=\"lazy\" width=\"338\" height=\"255\" src=\"http:\/\/www.farkpen.com\/wp-content\/uploads\/2020\/06\/renk14.jpg\" alt=\"\" data-id=\"408\" data-link=\"http:\/\/www.farkpen.com\/index.php\/sample-page\/renk14\/\" class=\"wp-image-408\" srcset=\"http:\/\/www.farkpen.com\/wp-content\/uploads\/2020\/06\/renk14.jpg 338w, http:\/\/www.farkpen.com\/wp-content\/uploads\/2020\/06\/renk14-300x226.jpg 300w\" sizes=\"(max-width: 338px) 100vw, 338px\" \/><\/figure><\/li><li class=\"blocks-gallery-item\"><figure><img decoding=\"async\" loading=\"lazy\" width=\"331\" height=\"221\" src=\"http:\/\/www.farkpen.com\/wp-content\/uploads\/2020\/06\/renk15.jpg\" alt=\"\" data-id=\"409\" data-full-url=\"http:\/\/www.farkpen.com\/wp-content\/uploads\/2020\/06\/renk15.jpg\" data-link=\"http:\/\/www.farkpen.com\/index.php\/sample-page\/renk15\/\" class=\"wp-image-409\" srcset=\"http:\/\/www.farkpen.com\/wp-content\/uploads\/2020\/06\/renk15.jpg 331w, http:\/\/www.farkpen.com\/wp-content\/uploads\/2020\/06\/renk15-300x200.jpg 300w\" sizes=\"(max-width: 331px) 100vw, 331px\" \/><\/figure><\/li><\/ul><\/figure>\n\n\n\n<h3>Legend Bro\u015f\u00fcr<\/h3>\n\n\n\n<ul><li><a href=\"https:\/\/www.egepen.com.tr\/egepenTemp\/745d0a8d-670f-4d88-8491-f7a1be4f874d.pdf\" target=\"_blank\" rel=\"noreferrer noopener\">Legend Bro\u015f\u00fcr<\/a><\/li><\/ul>\n\n\n\n<p><\/p>\n","protected":false},"excerpt":{"rendered":"<p>Genel \u00d6zellikler Legend PVC Pencere Sistemi, 80 mm oturma geni\u015fli\u011fine g\u00f6re, 6 odal\u0131 olarak tasarlanm\u0131\u015ft\u0131r. Sistemin tasar\u0131m\u0131nda \u00f6zellikle y\u00fcksek performans<\/p>\n","protected":false},"author":1,"featured_media":0,"parent":0,"menu_order":0,"comment_status":"closed","ping_status":"open","template":"","meta":[],"_links":{"self":[{"href":"http:\/\/www.farkpen.com\/index.php\/wp-json\/wp\/v2\/pages\/2"}],"collection":[{"href":"http:\/\/www.farkpen.com\/index.php\/wp-json\/wp\/v2\/pages"}],"about":[{"href":"http:\/\/www.farkpen.com\/index.php\/wp-json\/wp\/v2\/types\/page"}],"author":[{"embeddable":true,"href":"http:\/\/www.farkpen.com\/index.php\/wp-json\/wp\/v2\/users\/1"}],"replies":[{"embeddable":true,"href":"http:\/\/www.farkpen.com\/index.php\/wp-json\/wp\/v2\/comments?post=2"}],"version-history":[{"count":2,"href":"http:\/\/www.farkpen.com\/index.php\/wp-json\/wp\/v2\/pages\/2\/revisions"}],"predecessor-version":[{"id":453,"href":"http:\/\/www.farkpen.com\/index.php\/wp-json\/wp\/v2\/pages\/2\/revisions\/453"}],"wp:attachment":[{"href":"http:\/\/www.farkpen.com\/index.php\/wp-json\/wp\/v2\/media?parent=2"}],"curies":[{"name":"wp","href":"https:\/\/api.w.org\/{rel}","templated":true}]}}