{"id":166,"date":"2020-06-20T11:26:55","date_gmt":"2020-06-20T11:26:55","guid":{"rendered":"http:\/\/www.farkpen.com\/?page_id=166"},"modified":"2020-06-21T12:12:42","modified_gmt":"2020-06-21T12:12:42","slug":"pvc-pencere-sistemleri","status":"publish","type":"page","link":"http:\/\/www.farkpen.com\/index.php\/pvc-pencere-sistemleri\/","title":{"rendered":"PVC Pencere Sistemleri"},"content":{"rendered":"<figure id=\"attachment_384\" aria-describedby=\"caption-attachment-384\" style=\"width: 300px\" class=\"wp-caption alignnone\"><img decoding=\"async\" loading=\"lazy\" class=\"size-medium wp-image-384\" src=\"http:\/\/www.farkpen.com\/wp-content\/uploads\/2020\/06\/1-300x199.jpg\" alt=\"LEGEND S\u0130STEM\u0130\" width=\"300\" height=\"199\" srcset=\"http:\/\/www.farkpen.com\/wp-content\/uploads\/2020\/06\/1-300x199.jpg 300w, http:\/\/www.farkpen.com\/wp-content\/uploads\/2020\/06\/1.jpg 395w\" sizes=\"(max-width: 300px) 100vw, 300px\" \/><figcaption id=\"caption-attachment-384\" class=\"wp-caption-text\">Legend PVC Pencere, y\u00fcksek performans kriterleri g\u00f6z \u00f6n\u00fcnde bulundurarak, muhte\u015fem \u0131s\u0131 ve ses yal\u0131t\u0131m\u0131 i\u00e7in \u00f6zel olarak tasarlanm\u0131\u015ft\u0131r&#8230;<\/figcaption><\/figure>\n<figure id=\"attachment_385\" aria-describedby=\"caption-attachment-385\" style=\"width: 300px\" class=\"wp-caption alignnone\"><img decoding=\"async\" loading=\"lazy\" class=\"size-medium wp-image-385\" src=\"http:\/\/www.farkpen.com\/wp-content\/uploads\/2020\/06\/2-300x205.jpg\" alt=\"Zendow Sistemi\" width=\"300\" height=\"205\" srcset=\"http:\/\/www.farkpen.com\/wp-content\/uploads\/2020\/06\/2-300x205.jpg 300w, http:\/\/www.farkpen.com\/wp-content\/uploads\/2020\/06\/2-130x90.jpg 130w, http:\/\/www.farkpen.com\/wp-content\/uploads\/2020\/06\/2.jpg 387w\" sizes=\"(max-width: 300px) 100vw, 300px\" \/><figcaption id=\"caption-attachment-385\" class=\"wp-caption-text\">\u00d6nceli\u011fi sadelik ve \u015f\u0131kl\u0131\u011fa veren Zendow PVC Pencere, mekanlar\u0131n\u0131z\u0131n hem mimarisiyle hem de dekorasyonuyla m\u00fckemmel uyum sa\u011flar&#8230;<\/figcaption><\/figure>\n<figure id=\"attachment_386\" aria-describedby=\"caption-attachment-386\" style=\"width: 300px\" class=\"wp-caption alignnone\"><img decoding=\"async\" loading=\"lazy\" class=\"size-medium wp-image-386\" src=\"http:\/\/www.farkpen.com\/wp-content\/uploads\/2020\/06\/3-300x201.jpg\" alt=\"ZENDOW PLUS\" width=\"300\" height=\"201\" srcset=\"http:\/\/www.farkpen.com\/wp-content\/uploads\/2020\/06\/3-300x201.jpg 300w, http:\/\/www.farkpen.com\/wp-content\/uploads\/2020\/06\/3-392x264.jpg 392w, http:\/\/www.farkpen.com\/wp-content\/uploads\/2020\/06\/3.jpg 395w\" sizes=\"(max-width: 300px) 100vw, 300px\" \/><figcaption id=\"caption-attachment-386\" class=\"wp-caption-text\">Zendow Plus PVC Pencere ve Kap\u0131 Sistemi m\u00fckemmel tasar\u0131m ve esteti\u011fi sayesinde mekanlar\u0131n\u0131z\u0131n tarz\u0131na kolayca uyum sa\u011flar. Sistem en ince ayr\u0131nt\u0131s\u0131na kadar uyum i\u00e7inde d\u00fc\u015f\u00fcn\u00fclm\u00fc\u015ft\u00fcr&#8230;<\/figcaption><\/figure>\n<figure id=\"attachment_448\" aria-describedby=\"caption-attachment-448\" style=\"width: 300px\" class=\"wp-caption alignnone\"><img decoding=\"async\" loading=\"lazy\" class=\"size-medium wp-image-448\" src=\"http:\/\/www.farkpen.com\/wp-content\/uploads\/2020\/06\/zendow-deluxe-300x201.jpg\" alt=\"\" width=\"300\" height=\"201\" srcset=\"http:\/\/www.farkpen.com\/wp-content\/uploads\/2020\/06\/zendow-deluxe-300x201.jpg 300w, http:\/\/www.farkpen.com\/wp-content\/uploads\/2020\/06\/zendow-deluxe.jpg 392w\" sizes=\"(max-width: 300px) 100vw, 300px\" \/><figcaption id=\"caption-attachment-448\" class=\"wp-caption-text\">Zendow Deluxe PVC Pencere Sistemi y\u00fcksek yal\u0131t\u0131m de\u011ferleri ile birlikte uzun \u00f6m\u00fcrl\u00fc, kolay bak\u0131m gereksinimi ve %100 geri d\u00f6n\u00fc\u015ft\u00fcr\u00fclebilirlikle \u00f6ne \u00e7\u0131kmaktad\u0131r&#8230;<\/figcaption><\/figure>\n<figure id=\"attachment_449\" aria-describedby=\"caption-attachment-449\" style=\"width: 300px\" class=\"wp-caption alignnone\"><img decoding=\"async\" loading=\"lazy\" class=\"size-medium wp-image-449\" src=\"http:\/\/www.farkpen.com\/wp-content\/uploads\/2020\/06\/fusion-sistemi-300x204.jpg\" alt=\"\" width=\"300\" height=\"204\" srcset=\"http:\/\/www.farkpen.com\/wp-content\/uploads\/2020\/06\/fusion-sistemi-300x204.jpg 300w, http:\/\/www.farkpen.com\/wp-content\/uploads\/2020\/06\/fusion-sistemi.jpg 384w\" sizes=\"(max-width: 300px) 100vw, 300px\" \/><figcaption id=\"caption-attachment-449\" class=\"wp-caption-text\">Fusion PVC Pencere, suyun tahliyesini h\u0131zland\u0131ran \u00f6zel e\u011fimli bir tasar\u0131ma sahiptir. Her b\u00fct\u00e7eye uygun, kaliteyi ve ekonomiyi bulu\u015fturan seri&#8230;<\/figcaption><\/figure>\n<figure id=\"attachment_450\" aria-describedby=\"caption-attachment-450\" style=\"width: 300px\" class=\"wp-caption alignnone\"><img decoding=\"async\" loading=\"lazy\" class=\"size-medium wp-image-450\" src=\"http:\/\/www.farkpen.com\/wp-content\/uploads\/2020\/06\/everest-max-300x202.jpg\" alt=\"\" width=\"300\" height=\"202\" srcset=\"http:\/\/www.farkpen.com\/wp-content\/uploads\/2020\/06\/everest-max-300x202.jpg 300w, http:\/\/www.farkpen.com\/wp-content\/uploads\/2020\/06\/everest-max.jpg 387w\" sizes=\"(max-width: 300px) 100vw, 300px\" \/><figcaption id=\"caption-attachment-450\" class=\"wp-caption-text\">Everest Max PVC Pencere Sistemi&#8217;nin \u00fcr\u00fcn yelpazesi ile m\u00fckemmel izolasyon, konfor ve \u015f\u0131kl\u0131\u011f\u0131 b\u00fct\u00e7eleri zorlamadan elde etmek m\u00fcmk\u00fcn&#8230;<\/figcaption><\/figure>\n","protected":false},"excerpt":{"rendered":"","protected":false},"author":1,"featured_media":0,"parent":0,"menu_order":0,"comment_status":"closed","ping_status":"closed","template":"","meta":[],"_links":{"self":[{"href":"http:\/\/www.farkpen.com\/index.php\/wp-json\/wp\/v2\/pages\/166"}],"collection":[{"href":"http:\/\/www.farkpen.com\/index.php\/wp-json\/wp\/v2\/pages"}],"about":[{"href":"http:\/\/www.farkpen.com\/index.php\/wp-json\/wp\/v2\/types\/page"}],"author":[{"embeddable":true,"href":"http:\/\/www.farkpen.com\/index.php\/wp-json\/wp\/v2\/users\/1"}],"replies":[{"embeddable":true,"href":"http:\/\/www.farkpen.com\/index.php\/wp-json\/wp\/v2\/comments?post=166"}],"version-history":[{"count":4,"href":"http:\/\/www.farkpen.com\/index.php\/wp-json\/wp\/v2\/pages\/166\/revisions"}],"predecessor-version":[{"id":452,"href":"http:\/\/www.farkpen.com\/index.php\/wp-json\/wp\/v2\/pages\/166\/revisions\/452"}],"wp:attachment":[{"href":"http:\/\/www.farkpen.com\/index.php\/wp-json\/wp\/v2\/media?parent=166"}],"curies":[{"name":"wp","href":"https:\/\/api.w.org\/{rel}","templated":true}]}}